{"id":4605,"date":"2026-02-25T05:24:49","date_gmt":"2026-02-25T05:24:49","guid":{"rendered":"https:\/\/lowtaperfades.com\/contact-us\/"},"modified":"2026-05-01T13:37:48","modified_gmt":"2026-05-01T13:37:48","slug":"contact-us","status":"publish","type":"page","link":"https:\/\/lowtaperfades.com\/tr\/contact-us\/","title":{"rendered":"Hizmet Talebi"},"content":{"rendered":"<style>.kb-row-layout-id4605_049e26-c9 > .kt-row-column-wrap{align-content:start;}:where(.kb-row-layout-id4605_049e26-c9 > .kt-row-column-wrap) > .wp-block-kadence-column{justify-content:start;}.kb-row-layout-id4605_049e26-c9 > .kt-row-column-wrap{column-gap:var(--global-kb-gap-md, 2rem);row-gap:var(--global-kb-gap-md, 2rem);padding-top:var(--global-kb-spacing-sm, 1.5rem);padding-bottom:var(--global-kb-spacing-sm, 1.5rem);grid-template-columns:minmax(0, 1fr);}.kb-row-layout-id4605_049e26-c9 > .kt-row-layout-overlay{opacity:0.30;}@media all and (max-width: 1024px){.kb-row-layout-id4605_049e26-c9 > .kt-row-column-wrap{grid-template-columns:minmax(0, 1fr);}}@media all and (max-width: 767px){.kb-row-layout-id4605_049e26-c9 > .kt-row-column-wrap{grid-template-columns:minmax(0, 1fr);}}<\/style><div class=\"kb-row-layout-wrap kb-row-layout-id4605_049e26-c9 alignnone wp-block-kadence-rowlayout\"><div class=\"kt-row-column-wrap kt-has-1-columns kt-row-layout-equal kt-tab-layout-inherit kt-mobile-layout-row kt-row-valign-top\">\n<style>.kadence-column4605_f2a15f-fe > .kt-inside-inner-col,.kadence-column4605_f2a15f-fe > .kt-inside-inner-col:before{border-top-left-radius:0px;border-top-right-radius:0px;border-bottom-right-radius:0px;border-bottom-left-radius:0px;}.kadence-column4605_f2a15f-fe > .kt-inside-inner-col{column-gap:var(--global-kb-gap-sm, 1rem);}.kadence-column4605_f2a15f-fe > .kt-inside-inner-col{flex-direction:column;}.kadence-column4605_f2a15f-fe > .kt-inside-inner-col > .aligncenter{width:100%;}.kadence-column4605_f2a15f-fe > .kt-inside-inner-col:before{opacity:0.3;}.kadence-column4605_f2a15f-fe{position:relative;}@media all and (max-width: 1024px){.kadence-column4605_f2a15f-fe > .kt-inside-inner-col{flex-direction:column;justify-content:center;}}@media all and (max-width: 767px){.kadence-column4605_f2a15f-fe > .kt-inside-inner-col{flex-direction:column;justify-content:center;}}<\/style>\n<div class=\"wp-block-kadence-column kadence-column4605_f2a15f-fe\"><div class=\"kt-inside-inner-col\"><style>.wp-block-kadence-advancedheading.kt-adv-heading4605_13fb14-e8, .wp-block-kadence-advancedheading.kt-adv-heading4605_13fb14-e8[data-kb-block=\"kb-adv-heading4605_13fb14-e8\"]{text-align:center;font-style:normal;}.wp-block-kadence-advancedheading.kt-adv-heading4605_13fb14-e8 mark.kt-highlight, .wp-block-kadence-advancedheading.kt-adv-heading4605_13fb14-e8[data-kb-block=\"kb-adv-heading4605_13fb14-e8\"] mark.kt-highlight{font-style:normal;color:#f76a0c;-webkit-box-decoration-break:clone;box-decoration-break:clone;padding-top:0px;padding-right:0px;padding-bottom:0px;padding-left:0px;}.wp-block-kadence-advancedheading.kt-adv-heading4605_13fb14-e8 img.kb-inline-image, .wp-block-kadence-advancedheading.kt-adv-heading4605_13fb14-e8[data-kb-block=\"kb-adv-heading4605_13fb14-e8\"] img.kb-inline-image{width:150px;vertical-align:baseline;}<\/style>\n<h2 class=\"kt-adv-heading4605_13fb14-e8 wp-block-kadence-advancedheading has-theme-palette-3-background-color has-background\" data-kb-block=\"kb-adv-heading4605_13fb14-e8\">Service Request<\/h2>\n\n\n<style>.wp-block-kadence-advancedheading.kt-adv-heading4605_b2002e-70, .wp-block-kadence-advancedheading.kt-adv-heading4605_b2002e-70[data-kb-block=\"kb-adv-heading4605_b2002e-70\"]{font-style:normal;}.wp-block-kadence-advancedheading.kt-adv-heading4605_b2002e-70 mark.kt-highlight, .wp-block-kadence-advancedheading.kt-adv-heading4605_b2002e-70[data-kb-block=\"kb-adv-heading4605_b2002e-70\"] mark.kt-highlight{font-style:normal;color:#f76a0c;-webkit-box-decoration-break:clone;box-decoration-break:clone;padding-top:0px;padding-right:0px;padding-bottom:0px;padding-left:0px;}.wp-block-kadence-advancedheading.kt-adv-heading4605_b2002e-70 img.kb-inline-image, .wp-block-kadence-advancedheading.kt-adv-heading4605_b2002e-70[data-kb-block=\"kb-adv-heading4605_b2002e-70\"] img.kb-inline-image{width:150px;vertical-align:baseline;}<\/style>\n<p class=\"kt-adv-heading4605_b2002e-70 wp-block-kadence-advancedheading\" data-kb-block=\"kb-adv-heading4605_b2002e-70\"><br>Sa\u00e7 modellerimiz, low taper fade rehberlerimiz veya i\u015f birlikleri hakk\u0131nda herhangi bir sorunuz varsa bizimle ileti\u015fime ge\u00e7mekten \u00e7ekinmeyin. Yard\u0131mc\u0131 olmaktan her zaman memnuniyet duyar\u0131z ve genellikle 24\u201348 saat i\u00e7inde geri d\u00f6n\u00fc\u015f yapar\u0131z.<\/p>\n\n\n\n<div class=\"wp-block-contact-form-7-contact-form-selector\">\n<div class=\"wpcf7 no-js\" id=\"wpcf7-f1588-o1\" lang=\"en-US\" dir=\"ltr\" data-wpcf7-id=\"1588\">\n<div class=\"screen-reader-response\"><p role=\"status\" aria-live=\"polite\" aria-atomic=\"true\"><\/p> <ul><\/ul><\/div>\n<form action=\"\/tr\/wp-json\/wp\/v2\/pages\/4605#wpcf7-f1588-o1\" method=\"post\" class=\"wpcf7-form init\" aria-label=\"Contact form\" novalidate=\"novalidate\" data-status=\"init\">\n<fieldset class=\"hidden-fields-container\"><input type=\"hidden\" name=\"_wpcf7\" value=\"1588\" \/><input type=\"hidden\" name=\"_wpcf7_version\" value=\"6.1.5\" \/><input type=\"hidden\" name=\"_wpcf7_locale\" value=\"en_US\" \/><input type=\"hidden\" name=\"_wpcf7_unit_tag\" value=\"wpcf7-f1588-o1\" \/><input type=\"hidden\" name=\"_wpcf7_container_post\" value=\"0\" \/><input type=\"hidden\" name=\"_wpcf7_posted_data_hash\" value=\"\" \/>\n<\/fieldset>\n<p><label> Your name<br \/>\n<span class=\"wpcf7-form-control-wrap\" data-name=\"your-name\"><input size=\"40\" maxlength=\"400\" class=\"wpcf7-form-control wpcf7-text wpcf7-validates-as-required\" autocomplete=\"name\" aria-required=\"true\" aria-invalid=\"false\" value=\"\" type=\"text\" name=\"your-name\" \/><\/span> <\/label><br \/>\n<label> Phone Number<br \/>\n<span class=\"wpcf7-form-control-wrap\" data-name=\"number-183\"><input class=\"wpcf7-form-control wpcf7-number wpcf7-validates-as-required wpcf7-validates-as-number\" aria-required=\"true\" aria-invalid=\"false\" value=\"\" type=\"number\" name=\"number-183\" \/><\/span><br \/>\n<\/label>\n<\/p>\n<p><label> Your email<br \/>\n<span class=\"wpcf7-form-control-wrap\" data-name=\"your-email\"><input size=\"40\" maxlength=\"400\" class=\"wpcf7-form-control wpcf7-email wpcf7-validates-as-required wpcf7-text wpcf7-validates-as-email\" autocomplete=\"email\" aria-required=\"true\" aria-invalid=\"false\" value=\"\" type=\"email\" name=\"your-email\" \/><\/span> <\/label>\n<\/p>\n<p><label> Your message (optional)<br \/>\n<span class=\"wpcf7-form-control-wrap\" data-name=\"your-message\"><textarea cols=\"40\" rows=\"10\" maxlength=\"2000\" class=\"wpcf7-form-control wpcf7-textarea\" aria-invalid=\"false\" name=\"your-message\"><\/textarea><\/span> <\/label>\n<\/p>\n<p><input class=\"wpcf7-form-control wpcf7-submit has-spinner\" type=\"submit\" value=\"Submit\" \/>\n<\/p><div class=\"wpcf7-response-output\" aria-hidden=\"true\"><\/div>\n<\/form>\n<\/div>\n<\/div>\n<\/div><\/div>\n\n<\/div><\/div>\n\n<style>.wp-block-kadence-advancedheading.kt-adv-heading4605_97f4b1-c2, .wp-block-kadence-advancedheading.kt-adv-heading4605_97f4b1-c2[data-kb-block=\"kb-adv-heading4605_97f4b1-c2\"]{font-style:normal;}.wp-block-kadence-advancedheading.kt-adv-heading4605_97f4b1-c2 mark.kt-highlight, .wp-block-kadence-advancedheading.kt-adv-heading4605_97f4b1-c2[data-kb-block=\"kb-adv-heading4605_97f4b1-c2\"] mark.kt-highlight{font-style:normal;color:#f76a0c;-webkit-box-decoration-break:clone;box-decoration-break:clone;padding-top:0px;padding-right:0px;padding-bottom:0px;padding-left:0px;}.wp-block-kadence-advancedheading.kt-adv-heading4605_97f4b1-c2 img.kb-inline-image, .wp-block-kadence-advancedheading.kt-adv-heading4605_97f4b1-c2[data-kb-block=\"kb-adv-heading4605_97f4b1-c2\"] img.kb-inline-image{width:150px;vertical-align:baseline;}<\/style>\n<p class=\"kt-adv-heading4605_97f4b1-c2 wp-block-kadence-advancedheading\" data-kb-block=\"kb-adv-heading4605_97f4b1-c2\"><\/p>\n\n\n<style>.wp-block-kadence-advancedbtn.kb-btns4605_9b0ea0-64{gap:var(--global-kb-gap-xs, 0.5rem );justify-content:center;align-items:center;}.kt-btns4605_9b0ea0-64 .kt-button{font-weight:normal;font-style:normal;}.kt-btns4605_9b0ea0-64 .kt-btn-wrap-0{margin-right:5px;}.wp-block-kadence-advancedbtn.kt-btns4605_9b0ea0-64 .kt-btn-wrap-0 .kt-button{color:#555555;border-color:#555555;}.wp-block-kadence-advancedbtn.kt-btns4605_9b0ea0-64 .kt-btn-wrap-0 .kt-button:hover, .wp-block-kadence-advancedbtn.kt-btns4605_9b0ea0-64 .kt-btn-wrap-0 .kt-button:focus{color:#ffffff;border-color:#444444;}.wp-block-kadence-advancedbtn.kt-btns4605_9b0ea0-64 .kt-btn-wrap-0 .kt-button::before{display:none;}.wp-block-kadence-advancedbtn.kt-btns4605_9b0ea0-64 .kt-btn-wrap-0 .kt-button:hover, .wp-block-kadence-advancedbtn.kt-btns4605_9b0ea0-64 .kt-btn-wrap-0 .kt-button:focus{background:#444444;}<\/style>\n<div class=\"wp-block-kadence-advancedbtn kb-buttons-wrap kb-btns4605_9b0ea0-64\"><style>ul.menu .wp-block-kadence-advancedbtn .kb-btn4605_822c87-ca.kb-button{width:initial;}.wp-block-kadence-advancedbtn .kb-btn4605_822c87-ca.kb-button:hover, .wp-block-kadence-advancedbtn .kb-btn4605_822c87-ca.kb-button:focus{color:var(--global-palette13, #3182CE);border-top:2px solid var(--global-palette3, #1A202C);border-right:2px solid var(--global-palette3, #1A202C);border-bottom:2px solid var(--global-palette3, #1A202C);border-left:2px solid var(--global-palette3, #1A202C);}@media all and (max-width: 1024px){.wp-block-kadence-advancedbtn .kb-btn4605_822c87-ca.kb-button:hover, .wp-block-kadence-advancedbtn .kb-btn4605_822c87-ca.kb-button:focus{border-top:2px solid var(--global-palette3, #1A202C);border-right:2px solid var(--global-palette3, #1A202C);border-bottom:2px solid var(--global-palette3, #1A202C);border-left:2px solid var(--global-palette3, #1A202C);}}@media all and (max-width: 767px){.wp-block-kadence-advancedbtn .kb-btn4605_822c87-ca.kb-button:hover, .wp-block-kadence-advancedbtn .kb-btn4605_822c87-ca.kb-button:focus{border-top:2px solid var(--global-palette3, #1A202C);border-right:2px solid var(--global-palette3, #1A202C);border-bottom:2px solid var(--global-palette3, #1A202C);border-left:2px solid var(--global-palette3, #1A202C);}}<\/style><a class=\"kb-button kt-button button kb-btn4605_822c87-ca kt-btn-size-standard kt-btn-width-type-auto kb-btn-global-fill  kt-btn-has-text-true kt-btn-has-svg-false  wp-block-kadence-singlebtn\" href=\"https:\/\/lowtaperfades.com\/\"><span class=\"kt-btn-inner-text\">Home<\/span><\/a><\/div>\n\n\n\n<p><\/p>\n\n\n\n<p><\/p>\n","protected":false},"excerpt":{"rendered":"<p>Service Request Sa\u00e7 modellerimiz, low taper fade rehberlerimiz veya i\u015f birlikleri hakk\u0131nda herhangi bir sorunuz varsa bizimle ileti\u015fime ge\u00e7mekten \u00e7ekinmeyin. Yard\u0131mc\u0131 olmaktan her zaman memnuniyet duyar\u0131z ve genellikle 24\u201348 saat i\u00e7inde geri d\u00f6n\u00fc\u015f yapar\u0131z.<\/p>\n","protected":false},"author":1,"featured_media":0,"parent":0,"menu_order":0,"comment_status":"closed","ping_status":"closed","template":"","meta":{"_kad_blocks_custom_css":"","_kad_blocks_head_custom_js":"","_kad_blocks_body_custom_js":"","_kad_blocks_footer_custom_js":"","_kad_post_transparent":"","_kad_post_title":"","_kad_post_layout":"","_kad_post_sidebar_id":"","_kad_post_content_style":"","_kad_post_vertical_padding":"","_kad_post_feature":"","_kad_post_feature_position":"","_kad_post_header":false,"_kad_post_footer":false,"_kad_post_classname":"","footnotes":""},"class_list":["post-4605","page","type-page","status-publish","hentry"],"taxonomy_info":[],"featured_image_src_large":false,"author_info":{"display_name":"Davidson","author_link":"https:\/\/lowtaperfades.com\/tr\/author\/miraj-din82gmail-com\/"},"comment_info":0,"_hostinger_reach_plugin_has_subscription_block":false,"_hostinger_reach_plugin_is_elementor":false,"_links":{"self":[{"href":"https:\/\/lowtaperfades.com\/tr\/wp-json\/wp\/v2\/pages\/4605","targetHints":{"allow":["GET"]}}],"collection":[{"href":"https:\/\/lowtaperfades.com\/tr\/wp-json\/wp\/v2\/pages"}],"about":[{"href":"https:\/\/lowtaperfades.com\/tr\/wp-json\/wp\/v2\/types\/page"}],"author":[{"embeddable":true,"href":"https:\/\/lowtaperfades.com\/tr\/wp-json\/wp\/v2\/users\/1"}],"replies":[{"embeddable":true,"href":"https:\/\/lowtaperfades.com\/tr\/wp-json\/wp\/v2\/comments?post=4605"}],"version-history":[{"count":3,"href":"https:\/\/lowtaperfades.com\/tr\/wp-json\/wp\/v2\/pages\/4605\/revisions"}],"predecessor-version":[{"id":4624,"href":"https:\/\/lowtaperfades.com\/tr\/wp-json\/wp\/v2\/pages\/4605\/revisions\/4624"}],"wp:attachment":[{"href":"https:\/\/lowtaperfades.com\/tr\/wp-json\/wp\/v2\/media?parent=4605"}],"curies":[{"name":"wp","href":"https:\/\/api.w.org\/{rel}","templated":true}]}}