{"id":4604,"date":"2026-02-27T12:02:58","date_gmt":"2026-02-27T12:02:58","guid":{"rendered":"https:\/\/lowtaperfades.com\/about-us\/"},"modified":"2026-05-01T13:22:21","modified_gmt":"2026-05-01T13:22:21","slug":"about-us","status":"publish","type":"page","link":"https:\/\/lowtaperfades.com\/tr\/about-us\/","title":{"rendered":"Hakk\u0131m\u0131zda"},"content":{"rendered":"<style>.wp-block-kadence-advancedheading.kt-adv-heading4604_710dfa-da, .wp-block-kadence-advancedheading.kt-adv-heading4604_710dfa-da[data-kb-block=\"kb-adv-heading4604_710dfa-da\"]{max-width:1080px;padding-right:var(--global-kb-spacing-lg, 3rem);padding-left:var(--global-kb-spacing-lg, 3rem);font-style:normal;}.wp-block-kadence-advancedheading.kt-adv-heading4604_710dfa-da mark.kt-highlight, .wp-block-kadence-advancedheading.kt-adv-heading4604_710dfa-da[data-kb-block=\"kb-adv-heading4604_710dfa-da\"] mark.kt-highlight{font-style:normal;color:#f76a0c;-webkit-box-decoration-break:clone;box-decoration-break:clone;padding-top:0px;padding-right:0px;padding-bottom:0px;padding-left:0px;}.wp-block-kadence-advancedheading.kt-adv-heading4604_710dfa-da img.kb-inline-image, .wp-block-kadence-advancedheading.kt-adv-heading4604_710dfa-da[data-kb-block=\"kb-adv-heading4604_710dfa-da\"] img.kb-inline-image{width:150px;vertical-align:baseline;}<\/style>\n<p class=\"kt-adv-heading4604_710dfa-da wp-block-kadence-advancedheading\" data-kb-block=\"kb-adv-heading4604_710dfa-da\"><strong>Low Taper Fades\u2019e Ho\u015f Geldiniz<\/strong>, modern, temiz ve \u015f\u0131k erkek sa\u00e7 kesimlerinin en do\u011fru adresine.<br>Biz, tamamen Low Taper Fade sa\u00e7 stillerine odaklanan bir sa\u00e7 kesimi ilham platformuyuz. Amac\u0131m\u0131z basit: erkeklerin ki\u015filiklerine, sa\u00e7 tiplerine ve ya\u015fam tarzlar\u0131na uygun en iyi low taper fade stillerini ke\u015ffetmelerine yard\u0131mc\u0131 olmak.<br>\u0130ster bir sonraki sa\u00e7 kesimi fikrinizi ar\u0131yor olun, ister berberinize g\u00f6stermek i\u00e7in net bir referans istiyor olun, Low Taper Fades size g\u00fcvenle rehberlik etmek i\u00e7in tasarland\u0131.<\/p>\n\n\n<style>.wp-block-kadence-advancedheading.kt-adv-heading4604_4af0ea-7a, .wp-block-kadence-advancedheading.kt-adv-heading4604_4af0ea-7a[data-kb-block=\"kb-adv-heading4604_4af0ea-7a\"]{text-align:center;font-style:normal;}.wp-block-kadence-advancedheading.kt-adv-heading4604_4af0ea-7a mark.kt-highlight, .wp-block-kadence-advancedheading.kt-adv-heading4604_4af0ea-7a[data-kb-block=\"kb-adv-heading4604_4af0ea-7a\"] mark.kt-highlight{font-style:normal;color:#f76a0c;-webkit-box-decoration-break:clone;box-decoration-break:clone;padding-top:0px;padding-right:0px;padding-bottom:0px;padding-left:0px;}.wp-block-kadence-advancedheading.kt-adv-heading4604_4af0ea-7a img.kb-inline-image, .wp-block-kadence-advancedheading.kt-adv-heading4604_4af0ea-7a[data-kb-block=\"kb-adv-heading4604_4af0ea-7a\"] img.kb-inline-image{width:150px;vertical-align:baseline;}<\/style>\n<h3 class=\"kt-adv-heading4604_4af0ea-7a wp-block-kadence-advancedheading has-theme-palette-9-color has-text-color has-theme-palette-3-background-color has-background\" data-kb-block=\"kb-adv-heading4604_4af0ea-7a\"><strong>Biz Kimiz<\/strong><\/h3>\n\n\n<style>.wp-block-kadence-advancedheading.kt-adv-heading4604_e8096f-15, .wp-block-kadence-advancedheading.kt-adv-heading4604_e8096f-15[data-kb-block=\"kb-adv-heading4604_e8096f-15\"]{max-width:1080px;padding-right:var(--global-kb-spacing-lg, 3rem);padding-left:var(--global-kb-spacing-lg, 3rem);font-style:normal;}.wp-block-kadence-advancedheading.kt-adv-heading4604_e8096f-15 mark.kt-highlight, .wp-block-kadence-advancedheading.kt-adv-heading4604_e8096f-15[data-kb-block=\"kb-adv-heading4604_e8096f-15\"] mark.kt-highlight{font-style:normal;color:#f76a0c;-webkit-box-decoration-break:clone;box-decoration-break:clone;padding-top:0px;padding-right:0px;padding-bottom:0px;padding-left:0px;}.wp-block-kadence-advancedheading.kt-adv-heading4604_e8096f-15 img.kb-inline-image, .wp-block-kadence-advancedheading.kt-adv-heading4604_e8096f-15[data-kb-block=\"kb-adv-heading4604_e8096f-15\"] img.kb-inline-image{width:150px;vertical-align:baseline;}<\/style>\n<p class=\"kt-adv-heading4604_e8096f-15 wp-block-kadence-advancedheading\" data-kb-block=\"kb-adv-heading4604_e8096f-15\">Low Taper Fades, stil odakl\u0131 bir web sitesidir ve \u015fu ki\u015filer i\u00e7in olu\u015fturulmu\u015ftur:<br>\u2022 Trend sa\u00e7 kesimleri arayan erkekler<br>\u2022 Yeni ilham arayan berberler<br>\u2022 Keskin, temiz ve modern bir g\u00f6r\u00fcn\u00fcm isteyen herkes<br>Low taper fade sa\u00e7 kesimleri \u00fczerine i\u00e7erikler haz\u0131rl\u0131yor ve g\u00f6rsel ilham\u0131 anla\u015f\u0131l\u0131r stil rehberleriyle birle\u015ftiriyoruz.<\/p>\n\n\n<style>.wp-block-kadence-advancedheading.kt-adv-heading4604_c5450d-f6, .wp-block-kadence-advancedheading.kt-adv-heading4604_c5450d-f6[data-kb-block=\"kb-adv-heading4604_c5450d-f6\"]{text-align:center;font-style:normal;}.wp-block-kadence-advancedheading.kt-adv-heading4604_c5450d-f6 mark.kt-highlight, .wp-block-kadence-advancedheading.kt-adv-heading4604_c5450d-f6[data-kb-block=\"kb-adv-heading4604_c5450d-f6\"] mark.kt-highlight{font-style:normal;color:#f76a0c;-webkit-box-decoration-break:clone;box-decoration-break:clone;padding-top:0px;padding-right:0px;padding-bottom:0px;padding-left:0px;}.wp-block-kadence-advancedheading.kt-adv-heading4604_c5450d-f6 img.kb-inline-image, .wp-block-kadence-advancedheading.kt-adv-heading4604_c5450d-f6[data-kb-block=\"kb-adv-heading4604_c5450d-f6\"] img.kb-inline-image{width:150px;vertical-align:baseline;}<\/style>\n<h3 class=\"kt-adv-heading4604_c5450d-f6 wp-block-kadence-advancedheading has-theme-palette-9-color has-text-color has-theme-palette-3-background-color has-background\" data-kb-block=\"kb-adv-heading4604_c5450d-f6\">Bizi Farkl\u0131 K\u0131lan Nedir?<\/h3>\n\n\n<style>.wp-block-kadence-advancedheading.kt-adv-heading4604_e62347-6d, .wp-block-kadence-advancedheading.kt-adv-heading4604_e62347-6d[data-kb-block=\"kb-adv-heading4604_e62347-6d\"]{max-width:1080px;padding-right:var(--global-kb-spacing-lg, 3rem);padding-left:var(--global-kb-spacing-lg, 3rem);text-align:left;font-style:normal;}.wp-block-kadence-advancedheading.kt-adv-heading4604_e62347-6d mark.kt-highlight, .wp-block-kadence-advancedheading.kt-adv-heading4604_e62347-6d[data-kb-block=\"kb-adv-heading4604_e62347-6d\"] mark.kt-highlight{font-style:normal;color:#f76a0c;-webkit-box-decoration-break:clone;box-decoration-break:clone;padding-top:0px;padding-right:0px;padding-bottom:0px;padding-left:0px;}.wp-block-kadence-advancedheading.kt-adv-heading4604_e62347-6d img.kb-inline-image, .wp-block-kadence-advancedheading.kt-adv-heading4604_e62347-6d[data-kb-block=\"kb-adv-heading4604_e62347-6d\"] img.kb-inline-image{width:150px;vertical-align:baseline;}<\/style>\n<p class=\"kt-adv-heading4604_e62347-6d wp-block-kadence-advancedheading\" data-kb-block=\"kb-adv-heading4604_e62347-6d\">Sadece sa\u00e7 modeli g\u00f6rselleri payla\u015fm\u0131yoruz \u2014 ger\u00e7ek de\u011fer sunuyoruz:<br>Her low taper fade stilinin detayl\u0131 a\u00e7\u0131klamalar\u0131<br>Sa\u00e7 tipi ve y\u00fcz \u015fekline g\u00f6re sa\u00e7 \u00f6nerileri<br>Trend ve zamans\u0131z sa\u00e7 modeli \u00e7e\u015fitleri<br>Hem yeni ba\u015flayanlar hem profesyoneller i\u00e7in uygun i\u00e7erikler<br><br>Platformumuzun tek bir amac\u0131 var:<br><strong>Size en uygun Low Taper Fade modelini se\u00e7menize yard\u0131mc\u0131 olmak.<\/strong><\/p>\n\n\n<style>.wp-block-kadence-advancedheading.kt-adv-heading4604_da3cef-2d, .wp-block-kadence-advancedheading.kt-adv-heading4604_da3cef-2d[data-kb-block=\"kb-adv-heading4604_da3cef-2d\"]{text-align:center;font-style:normal;}.wp-block-kadence-advancedheading.kt-adv-heading4604_da3cef-2d mark.kt-highlight, .wp-block-kadence-advancedheading.kt-adv-heading4604_da3cef-2d[data-kb-block=\"kb-adv-heading4604_da3cef-2d\"] mark.kt-highlight{font-style:normal;color:#f76a0c;-webkit-box-decoration-break:clone;box-decoration-break:clone;padding-top:0px;padding-right:0px;padding-bottom:0px;padding-left:0px;}.wp-block-kadence-advancedheading.kt-adv-heading4604_da3cef-2d img.kb-inline-image, .wp-block-kadence-advancedheading.kt-adv-heading4604_da3cef-2d[data-kb-block=\"kb-adv-heading4604_da3cef-2d\"] img.kb-inline-image{width:150px;vertical-align:baseline;}<\/style>\n<h3 class=\"kt-adv-heading4604_da3cef-2d wp-block-kadence-advancedheading has-theme-palette-9-color has-text-color has-theme-palette-3-background-color has-background\" data-kb-block=\"kb-adv-heading4604_da3cef-2d\">Uzmanl\u0131k Alan\u0131m\u0131z: Low Taper Fade Sa\u00e7 Modelleri<\/h3>\n\n\n<style>.wp-block-kadence-advancedheading.kt-adv-heading4604_1b6a55-a6, .wp-block-kadence-advancedheading.kt-adv-heading4604_1b6a55-a6[data-kb-block=\"kb-adv-heading4604_1b6a55-a6\"]{max-width:1080px;padding-right:var(--global-kb-spacing-lg, 3rem);padding-left:var(--global-kb-spacing-lg, 3rem);font-style:normal;}.wp-block-kadence-advancedheading.kt-adv-heading4604_1b6a55-a6 mark.kt-highlight, .wp-block-kadence-advancedheading.kt-adv-heading4604_1b6a55-a6[data-kb-block=\"kb-adv-heading4604_1b6a55-a6\"] mark.kt-highlight{font-style:normal;color:#f76a0c;-webkit-box-decoration-break:clone;box-decoration-break:clone;padding-top:0px;padding-right:0px;padding-bottom:0px;padding-left:0px;}.wp-block-kadence-advancedheading.kt-adv-heading4604_1b6a55-a6 img.kb-inline-image, .wp-block-kadence-advancedheading.kt-adv-heading4604_1b6a55-a6[data-kb-block=\"kb-adv-heading4604_1b6a55-a6\"] img.kb-inline-image{width:150px;vertical-align:baseline;}<\/style>\n<p class=\"kt-adv-heading4604_1b6a55-a6 wp-block-kadence-advancedheading\" data-kb-block=\"kb-adv-heading4604_1b6a55-a6\">Low taper fade, erkekler i\u00e7in en \u00e7ok tercih edilen ve en \u00e7ok y\u00f6nl\u00fc sa\u00e7 kesimlerinden biridir. Temiz, profesyonel g\u00f6r\u00fcn\u00fcr ve hem g\u00fcnl\u00fck hem sokak hem de resmi stillerle uyumludur.<br>Bu y\u00fczden t\u00fcm web sitemiz \u015fu tarz varyasyonlara odaklan\u0131r:<br>Dokulu Low Taper Fade<br>Kak\u00fcll\u00fc Low Taper Fade<br>\u0130nce sa\u00e7lar i\u00e7in Low Taper Fade<br>K\u0131sa, k\u0131v\u0131rc\u0131k, dalgal\u0131 ve d\u00fcz sa\u00e7 modelleri<br>Her stil ilham vermek ve bilgi sa\u011flamak i\u00e7in \u00f6zenle se\u00e7ilir.<\/p>\n\n\n<style>.wp-block-kadence-advancedheading.kt-adv-heading4604_218233-b6, .wp-block-kadence-advancedheading.kt-adv-heading4604_218233-b6[data-kb-block=\"kb-adv-heading4604_218233-b6\"]{text-align:center;font-style:normal;}.wp-block-kadence-advancedheading.kt-adv-heading4604_218233-b6 mark.kt-highlight, .wp-block-kadence-advancedheading.kt-adv-heading4604_218233-b6[data-kb-block=\"kb-adv-heading4604_218233-b6\"] mark.kt-highlight{font-style:normal;color:#f76a0c;-webkit-box-decoration-break:clone;box-decoration-break:clone;padding-top:0px;padding-right:0px;padding-bottom:0px;padding-left:0px;}.wp-block-kadence-advancedheading.kt-adv-heading4604_218233-b6 img.kb-inline-image, .wp-block-kadence-advancedheading.kt-adv-heading4604_218233-b6[data-kb-block=\"kb-adv-heading4604_218233-b6\"] img.kb-inline-image{width:150px;vertical-align:baseline;}<\/style>\n<h3 class=\"kt-adv-heading4604_218233-b6 wp-block-kadence-advancedheading has-theme-palette-9-color has-text-color has-theme-palette-3-background-color has-background\" data-kb-block=\"kb-adv-heading4604_218233-b6\">Misyonumuz<\/h3>\n\n\n<style>.wp-block-kadence-advancedheading.kt-adv-heading4604_654f0f-86, .wp-block-kadence-advancedheading.kt-adv-heading4604_654f0f-86[data-kb-block=\"kb-adv-heading4604_654f0f-86\"]{max-width:1080px;padding-right:var(--global-kb-spacing-lg, 3rem);padding-left:var(--global-kb-spacing-lg, 3rem);font-style:normal;}.wp-block-kadence-advancedheading.kt-adv-heading4604_654f0f-86 mark.kt-highlight, .wp-block-kadence-advancedheading.kt-adv-heading4604_654f0f-86[data-kb-block=\"kb-adv-heading4604_654f0f-86\"] mark.kt-highlight{font-style:normal;color:#f76a0c;-webkit-box-decoration-break:clone;box-decoration-break:clone;padding-top:0px;padding-right:0px;padding-bottom:0px;padding-left:0px;}.wp-block-kadence-advancedheading.kt-adv-heading4604_654f0f-86 img.kb-inline-image, .wp-block-kadence-advancedheading.kt-adv-heading4604_654f0f-86[data-kb-block=\"kb-adv-heading4604_654f0f-86\"] img.kb-inline-image{width:150px;vertical-align:baseline;}<\/style>\n<p class=\"kt-adv-heading4604_654f0f-86 wp-block-kadence-advancedheading\" data-kb-block=\"kb-adv-heading4604_654f0f-86\">Misyonumuz:<br>\u2022 Daha do\u011fru sa\u00e7 kesimi kararlar\u0131 vermenize yard\u0131mc\u0131 olmak<br>\u2022 Berberler i\u00e7in net referanslar sunmak<br>\u2022 En yeni low taper fade trendlerini sizlerle payla\u015fmak<br>\u0130nan\u0131yoruz ki iyi bir sa\u00e7 kesimi \u00f6zg\u00fcven kazand\u0131r\u0131r \u2014 ve Low Taper Fade bunu sa\u011flaman\u0131n en iyi yollar\u0131ndan biridir.<\/p>\n\n\n<style>.wp-block-kadence-advancedheading.kt-adv-heading4604_d570f8-4c, .wp-block-kadence-advancedheading.kt-adv-heading4604_d570f8-4c[data-kb-block=\"kb-adv-heading4604_d570f8-4c\"]{text-align:center;font-style:normal;}.wp-block-kadence-advancedheading.kt-adv-heading4604_d570f8-4c mark.kt-highlight, .wp-block-kadence-advancedheading.kt-adv-heading4604_d570f8-4c[data-kb-block=\"kb-adv-heading4604_d570f8-4c\"] mark.kt-highlight{font-style:normal;color:#f76a0c;-webkit-box-decoration-break:clone;box-decoration-break:clone;padding-top:0px;padding-right:0px;padding-bottom:0px;padding-left:0px;}.wp-block-kadence-advancedheading.kt-adv-heading4604_d570f8-4c img.kb-inline-image, .wp-block-kadence-advancedheading.kt-adv-heading4604_d570f8-4c[data-kb-block=\"kb-adv-heading4604_d570f8-4c\"] img.kb-inline-image{width:150px;vertical-align:baseline;}<\/style>\n<h3 class=\"kt-adv-heading4604_d570f8-4c wp-block-kadence-advancedheading has-theme-palette-9-color has-text-color has-theme-palette-3-background-color has-background\" data-kb-block=\"kb-adv-heading4604_d570f8-4c\">Bizimle \u0130leti\u015fimde Kal\u0131n<\/h3>\n\n\n<style>.wp-block-kadence-advancedheading.kt-adv-heading4604_c4609c-43, .wp-block-kadence-advancedheading.kt-adv-heading4604_c4609c-43[data-kb-block=\"kb-adv-heading4604_c4609c-43\"]{max-width:1080px;padding-right:var(--global-kb-spacing-lg, 3rem);padding-left:var(--global-kb-spacing-lg, 3rem);font-style:normal;}.wp-block-kadence-advancedheading.kt-adv-heading4604_c4609c-43 mark.kt-highlight, .wp-block-kadence-advancedheading.kt-adv-heading4604_c4609c-43[data-kb-block=\"kb-adv-heading4604_c4609c-43\"] mark.kt-highlight{font-style:normal;color:#f76a0c;-webkit-box-decoration-break:clone;box-decoration-break:clone;padding-top:0px;padding-right:0px;padding-bottom:0px;padding-left:0px;}.wp-block-kadence-advancedheading.kt-adv-heading4604_c4609c-43 img.kb-inline-image, .wp-block-kadence-advancedheading.kt-adv-heading4604_c4609c-43[data-kb-block=\"kb-adv-heading4604_c4609c-43\"] img.kb-inline-image{width:150px;vertical-align:baseline;}<\/style>\n<p class=\"kt-adv-heading4604_c4609c-43 wp-block-kadence-advancedheading\" data-kb-block=\"kb-adv-heading4604_c4609c-43\">Sitemizi d\u00fczenli olarak yeni sa\u00e7 modeli fikirleri, trendler ve ilham i\u00e7erikleriyle g\u00fcncelliyoruz.<br>Erkek bak\u0131m ve stil d\u00fcnyas\u0131nda \u00f6nde olmak istiyorsan\u0131z, Low Taper Fades do\u011fru yer.<\/p>\n\n\n<style>.wp-block-kadence-advancedheading.kt-adv-heading4604_c01147-28, .wp-block-kadence-advancedheading.kt-adv-heading4604_c01147-28[data-kb-block=\"kb-adv-heading4604_c01147-28\"]{text-align:center;font-style:normal;}.wp-block-kadence-advancedheading.kt-adv-heading4604_c01147-28 mark.kt-highlight, .wp-block-kadence-advancedheading.kt-adv-heading4604_c01147-28[data-kb-block=\"kb-adv-heading4604_c01147-28\"] mark.kt-highlight{font-style:normal;color:#f76a0c;-webkit-box-decoration-break:clone;box-decoration-break:clone;padding-top:0px;padding-right:0px;padding-bottom:0px;padding-left:0px;}.wp-block-kadence-advancedheading.kt-adv-heading4604_c01147-28 img.kb-inline-image, .wp-block-kadence-advancedheading.kt-adv-heading4604_c01147-28[data-kb-block=\"kb-adv-heading4604_c01147-28\"] img.kb-inline-image{width:150px;vertical-align:baseline;}<\/style>\n<h3 class=\"kt-adv-heading4604_c01147-28 wp-block-kadence-advancedheading\" data-kb-block=\"kb-adv-heading4604_c01147-28\">Low Taper Fades\u2019i se\u00e7ti\u011finiz i\u00e7in te\u015fekk\u00fcr ederiz.<\/h3>\n","protected":false},"excerpt":{"rendered":"<p>Low Taper Fades\u2019e Ho\u015f Geldiniz, modern, temiz ve \u015f\u0131k erkek sa\u00e7 kesimlerinin en do\u011fru adresine.Biz, tamamen Low Taper Fade sa\u00e7 stillerine odaklanan bir sa\u00e7 kesimi ilham platformuyuz. Amac\u0131m\u0131z basit: erkeklerin ki\u015filiklerine, sa\u00e7 tiplerine ve ya\u015fam tarzlar\u0131na uygun en iyi low taper fade stillerini ke\u015ffetmelerine yard\u0131mc\u0131 olmak.\u0130ster bir sonraki sa\u00e7 kesimi fikrinizi ar\u0131yor olun, ister berberinize&#8230;<\/p>\n","protected":false},"author":1,"featured_media":0,"parent":0,"menu_order":0,"comment_status":"closed","ping_status":"closed","template":"","meta":{"_kad_blocks_custom_css":"","_kad_blocks_head_custom_js":"","_kad_blocks_body_custom_js":"","_kad_blocks_footer_custom_js":"","_kad_post_transparent":"","_kad_post_title":"","_kad_post_layout":"","_kad_post_sidebar_id":"","_kad_post_content_style":"","_kad_post_vertical_padding":"","_kad_post_feature":"","_kad_post_feature_position":"","_kad_post_header":false,"_kad_post_footer":false,"_kad_post_classname":"","footnotes":""},"class_list":["post-4604","page","type-page","status-publish","hentry"],"taxonomy_info":[],"featured_image_src_large":false,"author_info":{"display_name":"Davidson","author_link":"https:\/\/lowtaperfades.com\/tr\/author\/miraj-din82gmail-com\/"},"comment_info":0,"_hostinger_reach_plugin_has_subscription_block":false,"_hostinger_reach_plugin_is_elementor":false,"_links":{"self":[{"href":"https:\/\/lowtaperfades.com\/tr\/wp-json\/wp\/v2\/pages\/4604","targetHints":{"allow":["GET"]}}],"collection":[{"href":"https:\/\/lowtaperfades.com\/tr\/wp-json\/wp\/v2\/pages"}],"about":[{"href":"https:\/\/lowtaperfades.com\/tr\/wp-json\/wp\/v2\/types\/page"}],"author":[{"embeddable":true,"href":"https:\/\/lowtaperfades.com\/tr\/wp-json\/wp\/v2\/users\/1"}],"replies":[{"embeddable":true,"href":"https:\/\/lowtaperfades.com\/tr\/wp-json\/wp\/v2\/comments?post=4604"}],"version-history":[{"count":1,"href":"https:\/\/lowtaperfades.com\/tr\/wp-json\/wp\/v2\/pages\/4604\/revisions"}],"predecessor-version":[{"id":4614,"href":"https:\/\/lowtaperfades.com\/tr\/wp-json\/wp\/v2\/pages\/4604\/revisions\/4614"}],"wp:attachment":[{"href":"https:\/\/lowtaperfades.com\/tr\/wp-json\/wp\/v2\/media?parent=4604"}],"curies":[{"name":"wp","href":"https:\/\/api.w.org\/{rel}","templated":true}]}}