{"id":4942,"date":"2026-02-25T05:24:49","date_gmt":"2026-02-25T05:24:49","guid":{"rendered":"https:\/\/lowtaperfades.com\/contact-us\/"},"modified":"2026-05-02T10:52:52","modified_gmt":"2026-05-02T10:52:52","slug":"contact-us","status":"publish","type":"page","link":"https:\/\/lowtaperfades.com\/pl\/contact-us\/","title":{"rendered":"\u017b\u0105danie us\u0142ugi"},"content":{"rendered":"<style>.kb-row-layout-id4942_e6f5cf-94 > .kt-row-column-wrap{align-content:start;}:where(.kb-row-layout-id4942_e6f5cf-94 > .kt-row-column-wrap) > .wp-block-kadence-column{justify-content:start;}.kb-row-layout-id4942_e6f5cf-94 > .kt-row-column-wrap{column-gap:var(--global-kb-gap-md, 2rem);row-gap:var(--global-kb-gap-md, 2rem);padding-top:var(--global-kb-spacing-sm, 1.5rem);padding-bottom:var(--global-kb-spacing-sm, 1.5rem);grid-template-columns:minmax(0, 1fr);}.kb-row-layout-id4942_e6f5cf-94 > .kt-row-layout-overlay{opacity:0.30;}@media all and (max-width: 1024px){.kb-row-layout-id4942_e6f5cf-94 > .kt-row-column-wrap{grid-template-columns:minmax(0, 1fr);}}@media all and (max-width: 767px){.kb-row-layout-id4942_e6f5cf-94 > .kt-row-column-wrap{grid-template-columns:minmax(0, 1fr);}}<\/style><div class=\"kb-row-layout-wrap kb-row-layout-id4942_e6f5cf-94 alignnone wp-block-kadence-rowlayout\"><div class=\"kt-row-column-wrap kt-has-1-columns kt-row-layout-equal kt-tab-layout-inherit kt-mobile-layout-row kt-row-valign-top\">\n<style>.kadence-column4942_0c8f10-55 > .kt-inside-inner-col,.kadence-column4942_0c8f10-55 > .kt-inside-inner-col:before{border-top-left-radius:0px;border-top-right-radius:0px;border-bottom-right-radius:0px;border-bottom-left-radius:0px;}.kadence-column4942_0c8f10-55 > .kt-inside-inner-col{column-gap:var(--global-kb-gap-sm, 1rem);}.kadence-column4942_0c8f10-55 > .kt-inside-inner-col{flex-direction:column;}.kadence-column4942_0c8f10-55 > .kt-inside-inner-col > .aligncenter{width:100%;}.kadence-column4942_0c8f10-55 > .kt-inside-inner-col:before{opacity:0.3;}.kadence-column4942_0c8f10-55{position:relative;}@media all and (max-width: 1024px){.kadence-column4942_0c8f10-55 > .kt-inside-inner-col{flex-direction:column;justify-content:center;}}@media all and (max-width: 767px){.kadence-column4942_0c8f10-55 > .kt-inside-inner-col{flex-direction:column;justify-content:center;}}<\/style>\n<div class=\"wp-block-kadence-column kadence-column4942_0c8f10-55\"><div class=\"kt-inside-inner-col\"><style>.wp-block-kadence-advancedheading.kt-adv-heading4942_c62ab8-e3, .wp-block-kadence-advancedheading.kt-adv-heading4942_c62ab8-e3[data-kb-block=\"kb-adv-heading4942_c62ab8-e3\"]{text-align:center;font-style:normal;}.wp-block-kadence-advancedheading.kt-adv-heading4942_c62ab8-e3 mark.kt-highlight, .wp-block-kadence-advancedheading.kt-adv-heading4942_c62ab8-e3[data-kb-block=\"kb-adv-heading4942_c62ab8-e3\"] mark.kt-highlight{font-style:normal;color:#f76a0c;-webkit-box-decoration-break:clone;box-decoration-break:clone;padding-top:0px;padding-right:0px;padding-bottom:0px;padding-left:0px;}.wp-block-kadence-advancedheading.kt-adv-heading4942_c62ab8-e3 img.kb-inline-image, .wp-block-kadence-advancedheading.kt-adv-heading4942_c62ab8-e3[data-kb-block=\"kb-adv-heading4942_c62ab8-e3\"] img.kb-inline-image{width:150px;vertical-align:baseline;}<\/style>\n<h2 class=\"kt-adv-heading4942_c62ab8-e3 wp-block-kadence-advancedheading has-theme-palette-3-background-color has-background\" data-kb-block=\"kb-adv-heading4942_c62ab8-e3\">Service Request<\/h2>\n\n\n<style>.wp-block-kadence-advancedheading.kt-adv-heading4942_d2bfb6-97, .wp-block-kadence-advancedheading.kt-adv-heading4942_d2bfb6-97[data-kb-block=\"kb-adv-heading4942_d2bfb6-97\"]{font-style:normal;}.wp-block-kadence-advancedheading.kt-adv-heading4942_d2bfb6-97 mark.kt-highlight, .wp-block-kadence-advancedheading.kt-adv-heading4942_d2bfb6-97[data-kb-block=\"kb-adv-heading4942_d2bfb6-97\"] mark.kt-highlight{font-style:normal;color:#f76a0c;-webkit-box-decoration-break:clone;box-decoration-break:clone;padding-top:0px;padding-right:0px;padding-bottom:0px;padding-left:0px;}.wp-block-kadence-advancedheading.kt-adv-heading4942_d2bfb6-97 img.kb-inline-image, .wp-block-kadence-advancedheading.kt-adv-heading4942_d2bfb6-97[data-kb-block=\"kb-adv-heading4942_d2bfb6-97\"] img.kb-inline-image{width:150px;vertical-align:baseline;}<\/style>\n<p class=\"kt-adv-heading4942_d2bfb6-97 wp-block-kadence-advancedheading\" data-kb-block=\"kb-adv-heading4942_d2bfb6-97\">Je\u015bli masz jakiekolwiek pytania dotycz\u0105ce naszych fryzur, poradnik\u00f3w low taper fade lub wsp\u00f3\u0142pracy, skontaktuj si\u0119 z nami. Zawsze ch\u0119tnie pomagamy i odpowiadamy w ci\u0105gu 24\u201348 godzin.<\/p>\n\n\n\n<div class=\"wp-block-contact-form-7-contact-form-selector\">\n<div class=\"wpcf7 no-js\" id=\"wpcf7-f1588-o1\" lang=\"en-US\" dir=\"ltr\" data-wpcf7-id=\"1588\">\n<div class=\"screen-reader-response\"><p role=\"status\" aria-live=\"polite\" aria-atomic=\"true\"><\/p> <ul><\/ul><\/div>\n<form action=\"\/pl\/wp-json\/wp\/v2\/pages\/4942#wpcf7-f1588-o1\" method=\"post\" class=\"wpcf7-form init\" aria-label=\"Contact form\" novalidate=\"novalidate\" data-status=\"init\">\n<fieldset class=\"hidden-fields-container\"><input type=\"hidden\" name=\"_wpcf7\" value=\"1588\" \/><input type=\"hidden\" name=\"_wpcf7_version\" value=\"6.1.5\" \/><input type=\"hidden\" name=\"_wpcf7_locale\" value=\"en_US\" \/><input type=\"hidden\" name=\"_wpcf7_unit_tag\" value=\"wpcf7-f1588-o1\" \/><input type=\"hidden\" name=\"_wpcf7_container_post\" value=\"0\" \/><input type=\"hidden\" name=\"_wpcf7_posted_data_hash\" value=\"\" \/>\n<\/fieldset>\n<p><label> Your name<br \/>\n<span class=\"wpcf7-form-control-wrap\" data-name=\"your-name\"><input size=\"40\" maxlength=\"400\" class=\"wpcf7-form-control wpcf7-text wpcf7-validates-as-required\" autocomplete=\"name\" aria-required=\"true\" aria-invalid=\"false\" value=\"\" type=\"text\" name=\"your-name\" \/><\/span> <\/label><br \/>\n<label> Phone Number<br \/>\n<span class=\"wpcf7-form-control-wrap\" data-name=\"number-183\"><input class=\"wpcf7-form-control wpcf7-number wpcf7-validates-as-required wpcf7-validates-as-number\" aria-required=\"true\" aria-invalid=\"false\" value=\"\" type=\"number\" name=\"number-183\" \/><\/span><br \/>\n<\/label>\n<\/p>\n<p><label> Your email<br \/>\n<span class=\"wpcf7-form-control-wrap\" data-name=\"your-email\"><input size=\"40\" maxlength=\"400\" class=\"wpcf7-form-control wpcf7-email wpcf7-validates-as-required wpcf7-text wpcf7-validates-as-email\" autocomplete=\"email\" aria-required=\"true\" aria-invalid=\"false\" value=\"\" type=\"email\" name=\"your-email\" \/><\/span> <\/label>\n<\/p>\n<p><label> Your message (optional)<br \/>\n<span class=\"wpcf7-form-control-wrap\" data-name=\"your-message\"><textarea cols=\"40\" rows=\"10\" maxlength=\"2000\" class=\"wpcf7-form-control wpcf7-textarea\" aria-invalid=\"false\" name=\"your-message\"><\/textarea><\/span> <\/label>\n<\/p>\n<p><input class=\"wpcf7-form-control wpcf7-submit has-spinner\" type=\"submit\" value=\"Submit\" \/>\n<\/p><div class=\"wpcf7-response-output\" aria-hidden=\"true\"><\/div>\n<\/form>\n<\/div>\n<\/div>\n<\/div><\/div>\n\n<\/div><\/div>\n\n<style>.wp-block-kadence-advancedheading.kt-adv-heading4942_7568c7-fc, .wp-block-kadence-advancedheading.kt-adv-heading4942_7568c7-fc[data-kb-block=\"kb-adv-heading4942_7568c7-fc\"]{font-style:normal;}.wp-block-kadence-advancedheading.kt-adv-heading4942_7568c7-fc mark.kt-highlight, .wp-block-kadence-advancedheading.kt-adv-heading4942_7568c7-fc[data-kb-block=\"kb-adv-heading4942_7568c7-fc\"] mark.kt-highlight{font-style:normal;color:#f76a0c;-webkit-box-decoration-break:clone;box-decoration-break:clone;padding-top:0px;padding-right:0px;padding-bottom:0px;padding-left:0px;}.wp-block-kadence-advancedheading.kt-adv-heading4942_7568c7-fc img.kb-inline-image, .wp-block-kadence-advancedheading.kt-adv-heading4942_7568c7-fc[data-kb-block=\"kb-adv-heading4942_7568c7-fc\"] img.kb-inline-image{width:150px;vertical-align:baseline;}<\/style>\n<p class=\"kt-adv-heading4942_7568c7-fc wp-block-kadence-advancedheading\" data-kb-block=\"kb-adv-heading4942_7568c7-fc\"><\/p>\n\n\n<style>.wp-block-kadence-advancedbtn.kb-btns4942_3c1f67-a2{gap:var(--global-kb-gap-xs, 0.5rem );justify-content:center;align-items:center;}.kt-btns4942_3c1f67-a2 .kt-button{font-weight:normal;font-style:normal;}.kt-btns4942_3c1f67-a2 .kt-btn-wrap-0{margin-right:5px;}.wp-block-kadence-advancedbtn.kt-btns4942_3c1f67-a2 .kt-btn-wrap-0 .kt-button{color:#555555;border-color:#555555;}.wp-block-kadence-advancedbtn.kt-btns4942_3c1f67-a2 .kt-btn-wrap-0 .kt-button:hover, .wp-block-kadence-advancedbtn.kt-btns4942_3c1f67-a2 .kt-btn-wrap-0 .kt-button:focus{color:#ffffff;border-color:#444444;}.wp-block-kadence-advancedbtn.kt-btns4942_3c1f67-a2 .kt-btn-wrap-0 .kt-button::before{display:none;}.wp-block-kadence-advancedbtn.kt-btns4942_3c1f67-a2 .kt-btn-wrap-0 .kt-button:hover, .wp-block-kadence-advancedbtn.kt-btns4942_3c1f67-a2 .kt-btn-wrap-0 .kt-button:focus{background:#444444;}<\/style>\n<div class=\"wp-block-kadence-advancedbtn kb-buttons-wrap kb-btns4942_3c1f67-a2\"><style>ul.menu .wp-block-kadence-advancedbtn .kb-btn4942_63812a-a9.kb-button{width:initial;}.wp-block-kadence-advancedbtn .kb-btn4942_63812a-a9.kb-button:hover, .wp-block-kadence-advancedbtn .kb-btn4942_63812a-a9.kb-button:focus{color:var(--global-palette13, #3182CE);border-top:2px solid var(--global-palette3, #1A202C);border-right:2px solid var(--global-palette3, #1A202C);border-bottom:2px solid var(--global-palette3, #1A202C);border-left:2px solid var(--global-palette3, #1A202C);}@media all and (max-width: 1024px){.wp-block-kadence-advancedbtn .kb-btn4942_63812a-a9.kb-button:hover, .wp-block-kadence-advancedbtn .kb-btn4942_63812a-a9.kb-button:focus{border-top:2px solid var(--global-palette3, #1A202C);border-right:2px solid var(--global-palette3, #1A202C);border-bottom:2px solid var(--global-palette3, #1A202C);border-left:2px solid var(--global-palette3, #1A202C);}}@media all and (max-width: 767px){.wp-block-kadence-advancedbtn .kb-btn4942_63812a-a9.kb-button:hover, .wp-block-kadence-advancedbtn .kb-btn4942_63812a-a9.kb-button:focus{border-top:2px solid var(--global-palette3, #1A202C);border-right:2px solid var(--global-palette3, #1A202C);border-bottom:2px solid var(--global-palette3, #1A202C);border-left:2px solid var(--global-palette3, #1A202C);}}<\/style><a class=\"kb-button kt-button button kb-btn4942_63812a-a9 kt-btn-size-standard kt-btn-width-type-auto kb-btn-global-fill  kt-btn-has-text-true kt-btn-has-svg-false  wp-block-kadence-singlebtn\" href=\"https:\/\/lowtaperfades.com\/\"><span class=\"kt-btn-inner-text\">Home<\/span><\/a><\/div>\n\n\n\n<p><\/p>\n\n\n\n<p><\/p>\n","protected":false},"excerpt":{"rendered":"<p>Service Request Je\u015bli masz jakiekolwiek pytania dotycz\u0105ce naszych fryzur, poradnik\u00f3w low taper fade lub wsp\u00f3\u0142pracy, skontaktuj si\u0119 z nami. Zawsze ch\u0119tnie pomagamy i odpowiadamy w ci\u0105gu 24\u201348 godzin.<\/p>\n","protected":false},"author":1,"featured_media":0,"parent":0,"menu_order":0,"comment_status":"closed","ping_status":"closed","template":"","meta":{"_kad_blocks_custom_css":"","_kad_blocks_head_custom_js":"","_kad_blocks_body_custom_js":"","_kad_blocks_footer_custom_js":"","_kad_post_transparent":"","_kad_post_title":"","_kad_post_layout":"","_kad_post_sidebar_id":"","_kad_post_content_style":"","_kad_post_vertical_padding":"","_kad_post_feature":"","_kad_post_feature_position":"","_kad_post_header":false,"_kad_post_footer":false,"_kad_post_classname":"","footnotes":""},"class_list":["post-4942","page","type-page","status-publish","hentry"],"taxonomy_info":[],"featured_image_src_large":false,"author_info":{"display_name":"Davidson","author_link":"https:\/\/lowtaperfades.com\/pl\/author\/miraj-din82gmail-com\/"},"comment_info":0,"_hostinger_reach_plugin_has_subscription_block":false,"_hostinger_reach_plugin_is_elementor":false,"_links":{"self":[{"href":"https:\/\/lowtaperfades.com\/pl\/wp-json\/wp\/v2\/pages\/4942","targetHints":{"allow":["GET"]}}],"collection":[{"href":"https:\/\/lowtaperfades.com\/pl\/wp-json\/wp\/v2\/pages"}],"about":[{"href":"https:\/\/lowtaperfades.com\/pl\/wp-json\/wp\/v2\/types\/page"}],"author":[{"embeddable":true,"href":"https:\/\/lowtaperfades.com\/pl\/wp-json\/wp\/v2\/users\/1"}],"replies":[{"embeddable":true,"href":"https:\/\/lowtaperfades.com\/pl\/wp-json\/wp\/v2\/comments?post=4942"}],"version-history":[{"count":1,"href":"https:\/\/lowtaperfades.com\/pl\/wp-json\/wp\/v2\/pages\/4942\/revisions"}],"predecessor-version":[{"id":4947,"href":"https:\/\/lowtaperfades.com\/pl\/wp-json\/wp\/v2\/pages\/4942\/revisions\/4947"}],"wp:attachment":[{"href":"https:\/\/lowtaperfades.com\/pl\/wp-json\/wp\/v2\/media?parent=4942"}],"curies":[{"name":"wp","href":"https:\/\/api.w.org\/{rel}","templated":true}]}}