{"id":4940,"date":"2026-02-27T12:02:58","date_gmt":"2026-02-27T12:02:58","guid":{"rendered":"https:\/\/lowtaperfades.com\/about-us\/"},"modified":"2026-05-02T10:45:15","modified_gmt":"2026-05-02T10:45:15","slug":"about-us","status":"publish","type":"page","link":"https:\/\/lowtaperfades.com\/pl\/about-us\/","title":{"rendered":"O nas"},"content":{"rendered":"<style>.wp-block-kadence-advancedheading.kt-adv-heading4940_67142d-20, .wp-block-kadence-advancedheading.kt-adv-heading4940_67142d-20[data-kb-block=\"kb-adv-heading4940_67142d-20\"]{max-width:1080px;padding-right:var(--global-kb-spacing-lg, 3rem);padding-left:var(--global-kb-spacing-lg, 3rem);font-style:normal;}.wp-block-kadence-advancedheading.kt-adv-heading4940_67142d-20 mark.kt-highlight, .wp-block-kadence-advancedheading.kt-adv-heading4940_67142d-20[data-kb-block=\"kb-adv-heading4940_67142d-20\"] mark.kt-highlight{font-style:normal;color:#f76a0c;-webkit-box-decoration-break:clone;box-decoration-break:clone;padding-top:0px;padding-right:0px;padding-bottom:0px;padding-left:0px;}.wp-block-kadence-advancedheading.kt-adv-heading4940_67142d-20 img.kb-inline-image, .wp-block-kadence-advancedheading.kt-adv-heading4940_67142d-20[data-kb-block=\"kb-adv-heading4940_67142d-20\"] img.kb-inline-image{width:150px;vertical-align:baseline;}<\/style>\n<p class=\"kt-adv-heading4940_67142d-20 wp-block-kadence-advancedheading\" data-kb-block=\"kb-adv-heading4940_67142d-20\"><br>Witamy w Low Taper Fades \u2013 Twoim najlepszym miejscu dla nowoczesnych, czystych i stylowych m\u0119skich fryzur.<br>Jeste\u015bmy platform\u0105 inspiracji fryzjerskich, w pe\u0142ni skupion\u0105 na fryzurach typu Low Taper Fade. Nasz cel jest prosty: pom\u00f3c m\u0119\u017cczyznom odkry\u0107 najlepsze style low taper fade dopasowane do ich osobowo\u015bci, typu w\u0142os\u00f3w i stylu \u017cycia.<br>Niezale\u017cnie od tego, czy szukasz pomys\u0142u na kolejn\u0105 fryzur\u0119, czy chcesz mie\u0107 jasne odniesienie do pokazania fryzjerowi, Low Taper Fades pomo\u017ce Ci podj\u0105\u0107 decyzj\u0119 z pewno\u015bci\u0105.<\/p>\n\n\n<style>.wp-block-kadence-advancedheading.kt-adv-heading4940_8ece74-69, .wp-block-kadence-advancedheading.kt-adv-heading4940_8ece74-69[data-kb-block=\"kb-adv-heading4940_8ece74-69\"]{text-align:center;font-style:normal;}.wp-block-kadence-advancedheading.kt-adv-heading4940_8ece74-69 mark.kt-highlight, .wp-block-kadence-advancedheading.kt-adv-heading4940_8ece74-69[data-kb-block=\"kb-adv-heading4940_8ece74-69\"] mark.kt-highlight{font-style:normal;color:#f76a0c;-webkit-box-decoration-break:clone;box-decoration-break:clone;padding-top:0px;padding-right:0px;padding-bottom:0px;padding-left:0px;}.wp-block-kadence-advancedheading.kt-adv-heading4940_8ece74-69 img.kb-inline-image, .wp-block-kadence-advancedheading.kt-adv-heading4940_8ece74-69[data-kb-block=\"kb-adv-heading4940_8ece74-69\"] img.kb-inline-image{width:150px;vertical-align:baseline;}<\/style>\n<h3 class=\"kt-adv-heading4940_8ece74-69 wp-block-kadence-advancedheading has-theme-palette-9-color has-text-color has-theme-palette-3-background-color has-background\" data-kb-block=\"kb-adv-heading4940_8ece74-69\"><strong>Kim jeste\u015bmy<\/strong><\/h3>\n\n\n<style>.wp-block-kadence-advancedheading.kt-adv-heading4940_a6a6f4-db, .wp-block-kadence-advancedheading.kt-adv-heading4940_a6a6f4-db[data-kb-block=\"kb-adv-heading4940_a6a6f4-db\"]{max-width:1080px;padding-right:var(--global-kb-spacing-lg, 3rem);padding-left:var(--global-kb-spacing-lg, 3rem);font-style:normal;}.wp-block-kadence-advancedheading.kt-adv-heading4940_a6a6f4-db mark.kt-highlight, .wp-block-kadence-advancedheading.kt-adv-heading4940_a6a6f4-db[data-kb-block=\"kb-adv-heading4940_a6a6f4-db\"] mark.kt-highlight{font-style:normal;color:#f76a0c;-webkit-box-decoration-break:clone;box-decoration-break:clone;padding-top:0px;padding-right:0px;padding-bottom:0px;padding-left:0px;}.wp-block-kadence-advancedheading.kt-adv-heading4940_a6a6f4-db img.kb-inline-image, .wp-block-kadence-advancedheading.kt-adv-heading4940_a6a6f4-db[data-kb-block=\"kb-adv-heading4940_a6a6f4-db\"] img.kb-inline-image{width:150px;vertical-align:baseline;}<\/style>\n<p class=\"kt-adv-heading4940_a6a6f4-db wp-block-kadence-advancedheading\" data-kb-block=\"kb-adv-heading4940_a6a6f4-db\">Low Taper Fades to strona skupiona na stylu, stworzona dla:<br>m\u0119\u017cczyzn szukaj\u0105cych modnych fryzur<br>barber\u00f3w poszukuj\u0105cych \u015bwie\u017cej inspiracji<br>ka\u017cdego, kto chce wygl\u0105da\u0107 schludnie, nowocze\u015bnie i stylowo<br>Tworzymy i zbieramy tre\u015bci zwi\u0105zane z fryzurami low taper fade, \u0142\u0105cz\u0105c inspiracje wizualne z prostymi i zrozumia\u0142ymi wskaz\u00f3wkami dotycz\u0105cymi stylizacji.<\/p>\n\n\n<style>.wp-block-kadence-advancedheading.kt-adv-heading4940_551f54-56, .wp-block-kadence-advancedheading.kt-adv-heading4940_551f54-56[data-kb-block=\"kb-adv-heading4940_551f54-56\"]{text-align:center;font-style:normal;}.wp-block-kadence-advancedheading.kt-adv-heading4940_551f54-56 mark.kt-highlight, .wp-block-kadence-advancedheading.kt-adv-heading4940_551f54-56[data-kb-block=\"kb-adv-heading4940_551f54-56\"] mark.kt-highlight{font-style:normal;color:#f76a0c;-webkit-box-decoration-break:clone;box-decoration-break:clone;padding-top:0px;padding-right:0px;padding-bottom:0px;padding-left:0px;}.wp-block-kadence-advancedheading.kt-adv-heading4940_551f54-56 img.kb-inline-image, .wp-block-kadence-advancedheading.kt-adv-heading4940_551f54-56[data-kb-block=\"kb-adv-heading4940_551f54-56\"] img.kb-inline-image{width:150px;vertical-align:baseline;}<\/style>\n<h3 class=\"kt-adv-heading4940_551f54-56 wp-block-kadence-advancedheading has-theme-palette-9-color has-text-color has-theme-palette-3-background-color has-background\" data-kb-block=\"kb-adv-heading4940_551f54-56\">Co nas wyr\u00f3\u017cnia<\/h3>\n\n\n<style>.wp-block-kadence-advancedheading.kt-adv-heading4940_acdb68-5e, .wp-block-kadence-advancedheading.kt-adv-heading4940_acdb68-5e[data-kb-block=\"kb-adv-heading4940_acdb68-5e\"]{max-width:1080px;padding-right:var(--global-kb-spacing-lg, 3rem);padding-left:var(--global-kb-spacing-lg, 3rem);text-align:left;font-style:normal;}.wp-block-kadence-advancedheading.kt-adv-heading4940_acdb68-5e mark.kt-highlight, .wp-block-kadence-advancedheading.kt-adv-heading4940_acdb68-5e[data-kb-block=\"kb-adv-heading4940_acdb68-5e\"] mark.kt-highlight{font-style:normal;color:#f76a0c;-webkit-box-decoration-break:clone;box-decoration-break:clone;padding-top:0px;padding-right:0px;padding-bottom:0px;padding-left:0px;}.wp-block-kadence-advancedheading.kt-adv-heading4940_acdb68-5e img.kb-inline-image, .wp-block-kadence-advancedheading.kt-adv-heading4940_acdb68-5e[data-kb-block=\"kb-adv-heading4940_acdb68-5e\"] img.kb-inline-image{width:150px;vertical-align:baseline;}<\/style>\n<p class=\"kt-adv-heading4940_acdb68-5e wp-block-kadence-advancedheading\" data-kb-block=\"kb-adv-heading4940_acdb68-5e\">Nie pokazujemy tylko zdj\u0119\u0107 fryzur \u2014 skupiamy si\u0119 na realnej warto\u015bci:<br>Szczeg\u00f3\u0142owe opisy ka\u017cdego stylu low taper fade<br>Pomys\u0142y na fryzury dopasowane do typu w\u0142os\u00f3w i kszta\u0142tu twarzy<br>Zar\u00f3wno modne, jak i ponadczasowe warianty fryzur<br>Tre\u015bci odpowiednie dla pocz\u0105tkuj\u0105cych i profesjonalist\u00f3w<br>Nasza platforma ma jeden cel:<br>Pom\u00f3c Ci wybra\u0107 idealny Low Taper Fade<\/p>\n\n\n<style>.wp-block-kadence-advancedheading.kt-adv-heading4940_5604e6-31, .wp-block-kadence-advancedheading.kt-adv-heading4940_5604e6-31[data-kb-block=\"kb-adv-heading4940_5604e6-31\"]{text-align:center;font-style:normal;}.wp-block-kadence-advancedheading.kt-adv-heading4940_5604e6-31 mark.kt-highlight, .wp-block-kadence-advancedheading.kt-adv-heading4940_5604e6-31[data-kb-block=\"kb-adv-heading4940_5604e6-31\"] mark.kt-highlight{font-style:normal;color:#f76a0c;-webkit-box-decoration-break:clone;box-decoration-break:clone;padding-top:0px;padding-right:0px;padding-bottom:0px;padding-left:0px;}.wp-block-kadence-advancedheading.kt-adv-heading4940_5604e6-31 img.kb-inline-image, .wp-block-kadence-advancedheading.kt-adv-heading4940_5604e6-31[data-kb-block=\"kb-adv-heading4940_5604e6-31\"] img.kb-inline-image{width:150px;vertical-align:baseline;}<\/style>\n<h3 class=\"kt-adv-heading4940_5604e6-31 wp-block-kadence-advancedheading has-theme-palette-9-color has-text-color has-theme-palette-3-background-color has-background\" data-kb-block=\"kb-adv-heading4940_5604e6-31\">Nasza specjalizacja: fryzury Low Taper Fade<\/h3>\n\n\n<style>.wp-block-kadence-advancedheading.kt-adv-heading4940_37321f-53, .wp-block-kadence-advancedheading.kt-adv-heading4940_37321f-53[data-kb-block=\"kb-adv-heading4940_37321f-53\"]{max-width:1080px;padding-right:var(--global-kb-spacing-lg, 3rem);padding-left:var(--global-kb-spacing-lg, 3rem);font-style:normal;}.wp-block-kadence-advancedheading.kt-adv-heading4940_37321f-53 mark.kt-highlight, .wp-block-kadence-advancedheading.kt-adv-heading4940_37321f-53[data-kb-block=\"kb-adv-heading4940_37321f-53\"] mark.kt-highlight{font-style:normal;color:#f76a0c;-webkit-box-decoration-break:clone;box-decoration-break:clone;padding-top:0px;padding-right:0px;padding-bottom:0px;padding-left:0px;}.wp-block-kadence-advancedheading.kt-adv-heading4940_37321f-53 img.kb-inline-image, .wp-block-kadence-advancedheading.kt-adv-heading4940_37321f-53[data-kb-block=\"kb-adv-heading4940_37321f-53\"] img.kb-inline-image{width:150px;vertical-align:baseline;}<\/style>\n<p class=\"kt-adv-heading4940_37321f-53 wp-block-kadence-advancedheading\" data-kb-block=\"kb-adv-heading4940_37321f-53\">Low taper fade to jedna z najbardziej wszechstronnych i popularnych m\u0119skich fryzur. Jest schludna, profesjonalna i \u015bwietnie pasuje do stylu codziennego, ulicznego i formalnego.<br>Dlatego ca\u0142a nasza strona po\u015bwi\u0119cona jest r\u00f3\u017cnym wariantom, takim jak:<br>Textured Low Taper Fade<br>Low Taper Fade z grzywk\u0105<br>Low Taper Fade dla cienkich w\u0142os\u00f3w<br>Style dla w\u0142os\u00f3w kr\u00f3tkich, kr\u0119conych, falowanych i prostych<br>Ka\u017cdy styl jest starannie wybrany, aby inspirowa\u0107 i edukowa\u0107.<\/p>\n\n\n<style>.wp-block-kadence-advancedheading.kt-adv-heading4940_30098c-9e, .wp-block-kadence-advancedheading.kt-adv-heading4940_30098c-9e[data-kb-block=\"kb-adv-heading4940_30098c-9e\"]{text-align:center;font-style:normal;}.wp-block-kadence-advancedheading.kt-adv-heading4940_30098c-9e mark.kt-highlight, .wp-block-kadence-advancedheading.kt-adv-heading4940_30098c-9e[data-kb-block=\"kb-adv-heading4940_30098c-9e\"] mark.kt-highlight{font-style:normal;color:#f76a0c;-webkit-box-decoration-break:clone;box-decoration-break:clone;padding-top:0px;padding-right:0px;padding-bottom:0px;padding-left:0px;}.wp-block-kadence-advancedheading.kt-adv-heading4940_30098c-9e img.kb-inline-image, .wp-block-kadence-advancedheading.kt-adv-heading4940_30098c-9e[data-kb-block=\"kb-adv-heading4940_30098c-9e\"] img.kb-inline-image{width:150px;vertical-align:baseline;}<\/style>\n<h3 class=\"kt-adv-heading4940_30098c-9e wp-block-kadence-advancedheading has-theme-palette-9-color has-text-color has-theme-palette-3-background-color has-background\" data-kb-block=\"kb-adv-heading4940_30098c-9e\">Nasza misja<\/h3>\n\n\n<style>.wp-block-kadence-advancedheading.kt-adv-heading4940_c2c993-1a, .wp-block-kadence-advancedheading.kt-adv-heading4940_c2c993-1a[data-kb-block=\"kb-adv-heading4940_c2c993-1a\"]{max-width:1080px;padding-right:var(--global-kb-spacing-lg, 3rem);padding-left:var(--global-kb-spacing-lg, 3rem);font-style:normal;}.wp-block-kadence-advancedheading.kt-adv-heading4940_c2c993-1a mark.kt-highlight, .wp-block-kadence-advancedheading.kt-adv-heading4940_c2c993-1a[data-kb-block=\"kb-adv-heading4940_c2c993-1a\"] mark.kt-highlight{font-style:normal;color:#f76a0c;-webkit-box-decoration-break:clone;box-decoration-break:clone;padding-top:0px;padding-right:0px;padding-bottom:0px;padding-left:0px;}.wp-block-kadence-advancedheading.kt-adv-heading4940_c2c993-1a img.kb-inline-image, .wp-block-kadence-advancedheading.kt-adv-heading4940_c2c993-1a[data-kb-block=\"kb-adv-heading4940_c2c993-1a\"] img.kb-inline-image{width:150px;vertical-align:baseline;}<\/style>\n<p class=\"kt-adv-heading4940_c2c993-1a wp-block-kadence-advancedheading\" data-kb-block=\"kb-adv-heading4940_c2c993-1a\">Nasz\u0105 misj\u0105 jest:<br>Pomaga\u0107 Ci podejmowa\u0107 lepsze decyzje dotycz\u0105ce fryzury<br>Dostarcza\u0107 jasne przyk\u0142ady dla barber\u00f3w<br>Informowa\u0107 Ci\u0119 o najnowszych trendach low taper fade<br>Wierzymy, \u017ce dobra fryzura buduje pewno\u015b\u0107 siebie \u2014 a Low Taper Fade to jeden z najlepszych sposob\u00f3w, aby j\u0105 osi\u0105gn\u0105\u0107.<\/p>\n\n\n<style>.wp-block-kadence-advancedheading.kt-adv-heading4940_7b7235-2c, .wp-block-kadence-advancedheading.kt-adv-heading4940_7b7235-2c[data-kb-block=\"kb-adv-heading4940_7b7235-2c\"]{text-align:center;font-style:normal;}.wp-block-kadence-advancedheading.kt-adv-heading4940_7b7235-2c mark.kt-highlight, .wp-block-kadence-advancedheading.kt-adv-heading4940_7b7235-2c[data-kb-block=\"kb-adv-heading4940_7b7235-2c\"] mark.kt-highlight{font-style:normal;color:#f76a0c;-webkit-box-decoration-break:clone;box-decoration-break:clone;padding-top:0px;padding-right:0px;padding-bottom:0px;padding-left:0px;}.wp-block-kadence-advancedheading.kt-adv-heading4940_7b7235-2c img.kb-inline-image, .wp-block-kadence-advancedheading.kt-adv-heading4940_7b7235-2c[data-kb-block=\"kb-adv-heading4940_7b7235-2c\"] img.kb-inline-image{width:150px;vertical-align:baseline;}<\/style>\n<h3 class=\"kt-adv-heading4940_7b7235-2c wp-block-kadence-advancedheading has-theme-palette-9-color has-text-color has-theme-palette-3-background-color has-background\" data-kb-block=\"kb-adv-heading4940_7b7235-2c\">B\u0105d\u017a z nami w kontakcie<\/h3>\n\n\n<style>.wp-block-kadence-advancedheading.kt-adv-heading4940_16b2a0-c8, .wp-block-kadence-advancedheading.kt-adv-heading4940_16b2a0-c8[data-kb-block=\"kb-adv-heading4940_16b2a0-c8\"]{max-width:1080px;padding-right:var(--global-kb-spacing-lg, 3rem);padding-left:var(--global-kb-spacing-lg, 3rem);font-style:normal;}.wp-block-kadence-advancedheading.kt-adv-heading4940_16b2a0-c8 mark.kt-highlight, .wp-block-kadence-advancedheading.kt-adv-heading4940_16b2a0-c8[data-kb-block=\"kb-adv-heading4940_16b2a0-c8\"] mark.kt-highlight{font-style:normal;color:#f76a0c;-webkit-box-decoration-break:clone;box-decoration-break:clone;padding-top:0px;padding-right:0px;padding-bottom:0px;padding-left:0px;}.wp-block-kadence-advancedheading.kt-adv-heading4940_16b2a0-c8 img.kb-inline-image, .wp-block-kadence-advancedheading.kt-adv-heading4940_16b2a0-c8[data-kb-block=\"kb-adv-heading4940_16b2a0-c8\"] img.kb-inline-image{width:150px;vertical-align:baseline;}<\/style>\n<p class=\"kt-adv-heading4940_16b2a0-c8 wp-block-kadence-advancedheading\" data-kb-block=\"kb-adv-heading4940_16b2a0-c8\">Regularnie aktualizujemy nasz\u0105 stron\u0119 o nowe pomys\u0142y, trendy i inspiracje fryzjerskie.<br>Je\u015bli chcesz by\u0107 na bie\u017c\u0105co z m\u0119skim stylem i piel\u0119gnacj\u0105, Low Taper Fades to w\u0142a\u015bciwe miejsce.<br><\/p>\n\n\n<style>.wp-block-kadence-advancedheading.kt-adv-heading4940_689cba-1f, .wp-block-kadence-advancedheading.kt-adv-heading4940_689cba-1f[data-kb-block=\"kb-adv-heading4940_689cba-1f\"]{text-align:center;font-style:normal;}.wp-block-kadence-advancedheading.kt-adv-heading4940_689cba-1f mark.kt-highlight, .wp-block-kadence-advancedheading.kt-adv-heading4940_689cba-1f[data-kb-block=\"kb-adv-heading4940_689cba-1f\"] mark.kt-highlight{font-style:normal;color:#f76a0c;-webkit-box-decoration-break:clone;box-decoration-break:clone;padding-top:0px;padding-right:0px;padding-bottom:0px;padding-left:0px;}.wp-block-kadence-advancedheading.kt-adv-heading4940_689cba-1f img.kb-inline-image, .wp-block-kadence-advancedheading.kt-adv-heading4940_689cba-1f[data-kb-block=\"kb-adv-heading4940_689cba-1f\"] img.kb-inline-image{width:150px;vertical-align:baseline;}<\/style>\n<h3 class=\"kt-adv-heading4940_689cba-1f wp-block-kadence-advancedheading\" data-kb-block=\"kb-adv-heading4940_689cba-1f\">Dzi\u0119kujemy za wyb\u00f3r Low Taper Fades!<\/h3>\n","protected":false},"excerpt":{"rendered":"<p>Witamy w Low Taper Fades \u2013 Twoim najlepszym miejscu dla nowoczesnych, czystych i stylowych m\u0119skich fryzur.Jeste\u015bmy platform\u0105 inspiracji fryzjerskich, w pe\u0142ni skupion\u0105 na fryzurach typu Low Taper Fade. Nasz cel jest prosty: pom\u00f3c m\u0119\u017cczyznom odkry\u0107 najlepsze style low taper fade dopasowane do ich osobowo\u015bci, typu w\u0142os\u00f3w i stylu \u017cycia.Niezale\u017cnie od tego, czy szukasz pomys\u0142u na&#8230;<\/p>\n","protected":false},"author":1,"featured_media":0,"parent":0,"menu_order":0,"comment_status":"closed","ping_status":"closed","template":"","meta":{"_kad_blocks_custom_css":"","_kad_blocks_head_custom_js":"","_kad_blocks_body_custom_js":"","_kad_blocks_footer_custom_js":"","_kad_post_transparent":"","_kad_post_title":"","_kad_post_layout":"","_kad_post_sidebar_id":"","_kad_post_content_style":"","_kad_post_vertical_padding":"","_kad_post_feature":"","_kad_post_feature_position":"","_kad_post_header":false,"_kad_post_footer":false,"_kad_post_classname":"","footnotes":""},"class_list":["post-4940","page","type-page","status-publish","hentry"],"taxonomy_info":[],"featured_image_src_large":false,"author_info":{"display_name":"Davidson","author_link":"https:\/\/lowtaperfades.com\/pl\/author\/miraj-din82gmail-com\/"},"comment_info":0,"_hostinger_reach_plugin_has_subscription_block":false,"_hostinger_reach_plugin_is_elementor":false,"_links":{"self":[{"href":"https:\/\/lowtaperfades.com\/pl\/wp-json\/wp\/v2\/pages\/4940","targetHints":{"allow":["GET"]}}],"collection":[{"href":"https:\/\/lowtaperfades.com\/pl\/wp-json\/wp\/v2\/pages"}],"about":[{"href":"https:\/\/lowtaperfades.com\/pl\/wp-json\/wp\/v2\/types\/page"}],"author":[{"embeddable":true,"href":"https:\/\/lowtaperfades.com\/pl\/wp-json\/wp\/v2\/users\/1"}],"replies":[{"embeddable":true,"href":"https:\/\/lowtaperfades.com\/pl\/wp-json\/wp\/v2\/comments?post=4940"}],"version-history":[{"count":1,"href":"https:\/\/lowtaperfades.com\/pl\/wp-json\/wp\/v2\/pages\/4940\/revisions"}],"predecessor-version":[{"id":4944,"href":"https:\/\/lowtaperfades.com\/pl\/wp-json\/wp\/v2\/pages\/4940\/revisions\/4944"}],"wp:attachment":[{"href":"https:\/\/lowtaperfades.com\/pl\/wp-json\/wp\/v2\/media?parent=4940"}],"curies":[{"name":"wp","href":"https:\/\/api.w.org\/{rel}","templated":true}]}}