{"id":5323,"date":"2026-02-27T12:02:58","date_gmt":"2026-02-27T12:02:58","guid":{"rendered":"https:\/\/lowtaperfades.com\/about-us\/"},"modified":"2026-05-05T17:15:58","modified_gmt":"2026-05-05T17:15:58","slug":"about-us","status":"publish","type":"page","link":"https:\/\/lowtaperfades.com\/it\/about-us\/","title":{"rendered":"Chi siamo"},"content":{"rendered":"<style>.wp-block-kadence-advancedheading.kt-adv-heading5323_7b1c19-2d, .wp-block-kadence-advancedheading.kt-adv-heading5323_7b1c19-2d[data-kb-block=\"kb-adv-heading5323_7b1c19-2d\"]{max-width:1080px;padding-right:var(--global-kb-spacing-lg, 3rem);padding-left:var(--global-kb-spacing-lg, 3rem);font-style:normal;}.wp-block-kadence-advancedheading.kt-adv-heading5323_7b1c19-2d mark.kt-highlight, .wp-block-kadence-advancedheading.kt-adv-heading5323_7b1c19-2d[data-kb-block=\"kb-adv-heading5323_7b1c19-2d\"] mark.kt-highlight{font-style:normal;color:#f76a0c;-webkit-box-decoration-break:clone;box-decoration-break:clone;padding-top:0px;padding-right:0px;padding-bottom:0px;padding-left:0px;}.wp-block-kadence-advancedheading.kt-adv-heading5323_7b1c19-2d img.kb-inline-image, .wp-block-kadence-advancedheading.kt-adv-heading5323_7b1c19-2d[data-kb-block=\"kb-adv-heading5323_7b1c19-2d\"] img.kb-inline-image{width:150px;vertical-align:baseline;}<\/style>\n<p class=\"kt-adv-heading5323_7b1c19-2d wp-block-kadence-advancedheading\" data-kb-block=\"kb-adv-heading5323_7b1c19-2d\">Benvenuto su <strong>Low Taper Fades<\/strong>, la tua destinazione definitiva per tagli di capelli maschili moderni, puliti ed eleganti.<br>Siamo una piattaforma dedicata all\u2019ispirazione per tagli di capelli, focalizzata interamente sugli stili Low Taper Fade. Il nostro obiettivo \u00e8 semplice: aiutare gli uomini a scoprire i migliori stili low taper fade che si adattino alla loro personalit\u00e0, al tipo di capelli e allo stile di vita.<br>Che tu stia cercando la tua prossima idea di taglio o voglia un riferimento chiaro da mostrare al tuo barbiere, Low Taper Fades \u00e8 progettato per guidarti con sicurezza.<\/p>\n\n\n<style>.wp-block-kadence-advancedheading.kt-adv-heading5323_703574-71, .wp-block-kadence-advancedheading.kt-adv-heading5323_703574-71[data-kb-block=\"kb-adv-heading5323_703574-71\"]{text-align:center;font-style:normal;}.wp-block-kadence-advancedheading.kt-adv-heading5323_703574-71 mark.kt-highlight, .wp-block-kadence-advancedheading.kt-adv-heading5323_703574-71[data-kb-block=\"kb-adv-heading5323_703574-71\"] mark.kt-highlight{font-style:normal;color:#f76a0c;-webkit-box-decoration-break:clone;box-decoration-break:clone;padding-top:0px;padding-right:0px;padding-bottom:0px;padding-left:0px;}.wp-block-kadence-advancedheading.kt-adv-heading5323_703574-71 img.kb-inline-image, .wp-block-kadence-advancedheading.kt-adv-heading5323_703574-71[data-kb-block=\"kb-adv-heading5323_703574-71\"] img.kb-inline-image{width:150px;vertical-align:baseline;}<\/style>\n<h3 class=\"kt-adv-heading5323_703574-71 wp-block-kadence-advancedheading has-theme-palette-9-color has-text-color has-theme-palette-3-background-color has-background\" data-kb-block=\"kb-adv-heading5323_703574-71\"><strong>Chi siamo<\/strong><\/h3>\n\n\n<style>.wp-block-kadence-advancedheading.kt-adv-heading5323_eacdf5-9b, .wp-block-kadence-advancedheading.kt-adv-heading5323_eacdf5-9b[data-kb-block=\"kb-adv-heading5323_eacdf5-9b\"]{max-width:1080px;padding-right:var(--global-kb-spacing-lg, 3rem);padding-left:var(--global-kb-spacing-lg, 3rem);font-style:normal;}.wp-block-kadence-advancedheading.kt-adv-heading5323_eacdf5-9b mark.kt-highlight, .wp-block-kadence-advancedheading.kt-adv-heading5323_eacdf5-9b[data-kb-block=\"kb-adv-heading5323_eacdf5-9b\"] mark.kt-highlight{font-style:normal;color:#f76a0c;-webkit-box-decoration-break:clone;box-decoration-break:clone;padding-top:0px;padding-right:0px;padding-bottom:0px;padding-left:0px;}.wp-block-kadence-advancedheading.kt-adv-heading5323_eacdf5-9b img.kb-inline-image, .wp-block-kadence-advancedheading.kt-adv-heading5323_eacdf5-9b[data-kb-block=\"kb-adv-heading5323_eacdf5-9b\"] img.kb-inline-image{width:150px;vertical-align:baseline;}<\/style>\n<p class=\"kt-adv-heading5323_eacdf5-9b wp-block-kadence-advancedheading\" data-kb-block=\"kb-adv-heading5323_eacdf5-9b\">Low Taper Fades \u00e8 un sito focalizzato sullo stile, creato per:<br>Uomini alla ricerca di tagli di capelli di tendenza<br>Barbieri in cerca di nuova ispirazione<br>Chiunque desideri un look pulito, definito e moderno<br>Creiamo e raccogliamo contenuti sui tagli low taper fade, combinando ispirazione visiva con guide semplici da comprendere.<\/p>\n\n\n<style>.wp-block-kadence-advancedheading.kt-adv-heading5323_48dd56-d8, .wp-block-kadence-advancedheading.kt-adv-heading5323_48dd56-d8[data-kb-block=\"kb-adv-heading5323_48dd56-d8\"]{text-align:center;font-style:normal;}.wp-block-kadence-advancedheading.kt-adv-heading5323_48dd56-d8 mark.kt-highlight, .wp-block-kadence-advancedheading.kt-adv-heading5323_48dd56-d8[data-kb-block=\"kb-adv-heading5323_48dd56-d8\"] mark.kt-highlight{font-style:normal;color:#f76a0c;-webkit-box-decoration-break:clone;box-decoration-break:clone;padding-top:0px;padding-right:0px;padding-bottom:0px;padding-left:0px;}.wp-block-kadence-advancedheading.kt-adv-heading5323_48dd56-d8 img.kb-inline-image, .wp-block-kadence-advancedheading.kt-adv-heading5323_48dd56-d8[data-kb-block=\"kb-adv-heading5323_48dd56-d8\"] img.kb-inline-image{width:150px;vertical-align:baseline;}<\/style>\n<h3 class=\"kt-adv-heading5323_48dd56-d8 wp-block-kadence-advancedheading has-theme-palette-9-color has-text-color has-theme-palette-3-background-color has-background\" data-kb-block=\"kb-adv-heading5323_48dd56-d8\">Cosa ci rende diversi<\/h3>\n\n\n<style>.wp-block-kadence-advancedheading.kt-adv-heading5323_4fa6ad-84, .wp-block-kadence-advancedheading.kt-adv-heading5323_4fa6ad-84[data-kb-block=\"kb-adv-heading5323_4fa6ad-84\"]{max-width:1080px;padding-right:var(--global-kb-spacing-lg, 3rem);padding-left:var(--global-kb-spacing-lg, 3rem);text-align:left;font-style:normal;}.wp-block-kadence-advancedheading.kt-adv-heading5323_4fa6ad-84 mark.kt-highlight, .wp-block-kadence-advancedheading.kt-adv-heading5323_4fa6ad-84[data-kb-block=\"kb-adv-heading5323_4fa6ad-84\"] mark.kt-highlight{font-style:normal;color:#f76a0c;-webkit-box-decoration-break:clone;box-decoration-break:clone;padding-top:0px;padding-right:0px;padding-bottom:0px;padding-left:0px;}.wp-block-kadence-advancedheading.kt-adv-heading5323_4fa6ad-84 img.kb-inline-image, .wp-block-kadence-advancedheading.kt-adv-heading5323_4fa6ad-84[data-kb-block=\"kb-adv-heading5323_4fa6ad-84\"] img.kb-inline-image{width:150px;vertical-align:baseline;}<\/style>\n<p class=\"kt-adv-heading5323_4fa6ad-84 wp-block-kadence-advancedheading\" data-kb-block=\"kb-adv-heading5323_4fa6ad-84\">Non mostriamo solo immagini di tagli \u2014 ci concentriamo sul valore reale:<br>Spiegazioni dettagliate di ogni stile low taper fade<br>Idee di taglio basate su tipo di capelli e forma del viso<br>Varianti di taglio sia di tendenza che senza tempo<br>Contenuti adatti sia ai principianti che ai professionisti<br>La nostra piattaforma \u00e8 costruita con un unico obiettivo:<br>aiutarti a scegliere il Low Taper Fade perfetto<\/p>\n\n\n<style>.wp-block-kadence-advancedheading.kt-adv-heading5323_971b1e-ee, .wp-block-kadence-advancedheading.kt-adv-heading5323_971b1e-ee[data-kb-block=\"kb-adv-heading5323_971b1e-ee\"]{text-align:center;font-style:normal;}.wp-block-kadence-advancedheading.kt-adv-heading5323_971b1e-ee mark.kt-highlight, .wp-block-kadence-advancedheading.kt-adv-heading5323_971b1e-ee[data-kb-block=\"kb-adv-heading5323_971b1e-ee\"] mark.kt-highlight{font-style:normal;color:#f76a0c;-webkit-box-decoration-break:clone;box-decoration-break:clone;padding-top:0px;padding-right:0px;padding-bottom:0px;padding-left:0px;}.wp-block-kadence-advancedheading.kt-adv-heading5323_971b1e-ee img.kb-inline-image, .wp-block-kadence-advancedheading.kt-adv-heading5323_971b1e-ee[data-kb-block=\"kb-adv-heading5323_971b1e-ee\"] img.kb-inline-image{width:150px;vertical-align:baseline;}<\/style>\n<h3 class=\"kt-adv-heading5323_971b1e-ee wp-block-kadence-advancedheading has-theme-palette-9-color has-text-color has-theme-palette-3-background-color has-background\" data-kb-block=\"kb-adv-heading5323_971b1e-ee\">La nostra nicchia: acconciature Low Taper Fade<\/h3>\n\n\n<style>.wp-block-kadence-advancedheading.kt-adv-heading5323_1e3e38-4b, .wp-block-kadence-advancedheading.kt-adv-heading5323_1e3e38-4b[data-kb-block=\"kb-adv-heading5323_1e3e38-4b\"]{max-width:1080px;padding-right:var(--global-kb-spacing-lg, 3rem);padding-left:var(--global-kb-spacing-lg, 3rem);font-style:normal;}.wp-block-kadence-advancedheading.kt-adv-heading5323_1e3e38-4b mark.kt-highlight, .wp-block-kadence-advancedheading.kt-adv-heading5323_1e3e38-4b[data-kb-block=\"kb-adv-heading5323_1e3e38-4b\"] mark.kt-highlight{font-style:normal;color:#f76a0c;-webkit-box-decoration-break:clone;box-decoration-break:clone;padding-top:0px;padding-right:0px;padding-bottom:0px;padding-left:0px;}.wp-block-kadence-advancedheading.kt-adv-heading5323_1e3e38-4b img.kb-inline-image, .wp-block-kadence-advancedheading.kt-adv-heading5323_1e3e38-4b[data-kb-block=\"kb-adv-heading5323_1e3e38-4b\"] img.kb-inline-image{width:150px;vertical-align:baseline;}<\/style>\n<p class=\"kt-adv-heading5323_1e3e38-4b wp-block-kadence-advancedheading\" data-kb-block=\"kb-adv-heading5323_1e3e38-4b\">Il low taper fade \u00e8 uno dei tagli maschili pi\u00f9 versatili e popolari. \u00c8 pulito, professionale e perfetto per stili casual, street e formali.<br>Per questo il nostro sito \u00e8 interamente dedicato a varianti come:<br>Low Taper Fade texturizzato<br>Low Taper Fade con frangia<br>Low Taper Fade per capelli fini<br>Stili per capelli corti, ricci, mossi e lisci<br>Ogni stile \u00e8 selezionato con cura per ispirare ed educare.<\/p>\n\n\n<style>.wp-block-kadence-advancedheading.kt-adv-heading5323_493109-38, .wp-block-kadence-advancedheading.kt-adv-heading5323_493109-38[data-kb-block=\"kb-adv-heading5323_493109-38\"]{text-align:center;font-style:normal;}.wp-block-kadence-advancedheading.kt-adv-heading5323_493109-38 mark.kt-highlight, .wp-block-kadence-advancedheading.kt-adv-heading5323_493109-38[data-kb-block=\"kb-adv-heading5323_493109-38\"] mark.kt-highlight{font-style:normal;color:#f76a0c;-webkit-box-decoration-break:clone;box-decoration-break:clone;padding-top:0px;padding-right:0px;padding-bottom:0px;padding-left:0px;}.wp-block-kadence-advancedheading.kt-adv-heading5323_493109-38 img.kb-inline-image, .wp-block-kadence-advancedheading.kt-adv-heading5323_493109-38[data-kb-block=\"kb-adv-heading5323_493109-38\"] img.kb-inline-image{width:150px;vertical-align:baseline;}<\/style>\n<h3 class=\"kt-adv-heading5323_493109-38 wp-block-kadence-advancedheading has-theme-palette-9-color has-text-color has-theme-palette-3-background-color has-background\" data-kb-block=\"kb-adv-heading5323_493109-38\">La nostra missione<\/h3>\n\n\n<style>.wp-block-kadence-advancedheading.kt-adv-heading5323_ba5966-69, .wp-block-kadence-advancedheading.kt-adv-heading5323_ba5966-69[data-kb-block=\"kb-adv-heading5323_ba5966-69\"]{max-width:1080px;padding-right:var(--global-kb-spacing-lg, 3rem);padding-left:var(--global-kb-spacing-lg, 3rem);font-style:normal;}.wp-block-kadence-advancedheading.kt-adv-heading5323_ba5966-69 mark.kt-highlight, .wp-block-kadence-advancedheading.kt-adv-heading5323_ba5966-69[data-kb-block=\"kb-adv-heading5323_ba5966-69\"] mark.kt-highlight{font-style:normal;color:#f76a0c;-webkit-box-decoration-break:clone;box-decoration-break:clone;padding-top:0px;padding-right:0px;padding-bottom:0px;padding-left:0px;}.wp-block-kadence-advancedheading.kt-adv-heading5323_ba5966-69 img.kb-inline-image, .wp-block-kadence-advancedheading.kt-adv-heading5323_ba5966-69[data-kb-block=\"kb-adv-heading5323_ba5966-69\"] img.kb-inline-image{width:150px;vertical-align:baseline;}<\/style>\n<p class=\"kt-adv-heading5323_ba5966-69 wp-block-kadence-advancedheading\" data-kb-block=\"kb-adv-heading5323_ba5966-69\">La nostra missione \u00e8:<br>Aiutarti a prendere decisioni migliori per il tuo taglio di capelli<br>Fornire riferimenti chiari per i barbieri<br>Tenerti aggiornato sulle ultime tendenze del low taper fade<br>Crediamo che un ottimo taglio aumenti la sicurezza \u2014 e il Low Taper Fade \u00e8 uno dei modi migliori per ottenerla.<\/p>\n\n\n<style>.wp-block-kadence-advancedheading.kt-adv-heading5323_ed409f-28, .wp-block-kadence-advancedheading.kt-adv-heading5323_ed409f-28[data-kb-block=\"kb-adv-heading5323_ed409f-28\"]{text-align:center;font-style:normal;}.wp-block-kadence-advancedheading.kt-adv-heading5323_ed409f-28 mark.kt-highlight, .wp-block-kadence-advancedheading.kt-adv-heading5323_ed409f-28[data-kb-block=\"kb-adv-heading5323_ed409f-28\"] mark.kt-highlight{font-style:normal;color:#f76a0c;-webkit-box-decoration-break:clone;box-decoration-break:clone;padding-top:0px;padding-right:0px;padding-bottom:0px;padding-left:0px;}.wp-block-kadence-advancedheading.kt-adv-heading5323_ed409f-28 img.kb-inline-image, .wp-block-kadence-advancedheading.kt-adv-heading5323_ed409f-28[data-kb-block=\"kb-adv-heading5323_ed409f-28\"] img.kb-inline-image{width:150px;vertical-align:baseline;}<\/style>\n<h3 class=\"kt-adv-heading5323_ed409f-28 wp-block-kadence-advancedheading has-theme-palette-9-color has-text-color has-theme-palette-3-background-color has-background\" data-kb-block=\"kb-adv-heading5323_ed409f-28\">Resta connesso<\/h3>\n\n\n<style>.wp-block-kadence-advancedheading.kt-adv-heading5323_b8ea8f-3f, .wp-block-kadence-advancedheading.kt-adv-heading5323_b8ea8f-3f[data-kb-block=\"kb-adv-heading5323_b8ea8f-3f\"]{max-width:1080px;padding-right:var(--global-kb-spacing-lg, 3rem);padding-left:var(--global-kb-spacing-lg, 3rem);font-style:normal;}.wp-block-kadence-advancedheading.kt-adv-heading5323_b8ea8f-3f mark.kt-highlight, .wp-block-kadence-advancedheading.kt-adv-heading5323_b8ea8f-3f[data-kb-block=\"kb-adv-heading5323_b8ea8f-3f\"] mark.kt-highlight{font-style:normal;color:#f76a0c;-webkit-box-decoration-break:clone;box-decoration-break:clone;padding-top:0px;padding-right:0px;padding-bottom:0px;padding-left:0px;}.wp-block-kadence-advancedheading.kt-adv-heading5323_b8ea8f-3f img.kb-inline-image, .wp-block-kadence-advancedheading.kt-adv-heading5323_b8ea8f-3f[data-kb-block=\"kb-adv-heading5323_b8ea8f-3f\"] img.kb-inline-image{width:150px;vertical-align:baseline;}<\/style>\n<p class=\"kt-adv-heading5323_b8ea8f-3f wp-block-kadence-advancedheading\" data-kb-block=\"kb-adv-heading5323_b8ea8f-3f\">Aggiorniamo regolarmente il nostro sito con nuove idee, tendenze e ispirazioni.<br>Se vuoi rimanere sempre aggiornato sul grooming e lo stile maschile, Low Taper Fades \u00e8 il posto giusto.<\/p>\n\n\n<style>.wp-block-kadence-advancedheading.kt-adv-heading5323_2eb88a-12, .wp-block-kadence-advancedheading.kt-adv-heading5323_2eb88a-12[data-kb-block=\"kb-adv-heading5323_2eb88a-12\"]{text-align:center;font-style:normal;}.wp-block-kadence-advancedheading.kt-adv-heading5323_2eb88a-12 mark.kt-highlight, .wp-block-kadence-advancedheading.kt-adv-heading5323_2eb88a-12[data-kb-block=\"kb-adv-heading5323_2eb88a-12\"] mark.kt-highlight{font-style:normal;color:#f76a0c;-webkit-box-decoration-break:clone;box-decoration-break:clone;padding-top:0px;padding-right:0px;padding-bottom:0px;padding-left:0px;}.wp-block-kadence-advancedheading.kt-adv-heading5323_2eb88a-12 img.kb-inline-image, .wp-block-kadence-advancedheading.kt-adv-heading5323_2eb88a-12[data-kb-block=\"kb-adv-heading5323_2eb88a-12\"] img.kb-inline-image{width:150px;vertical-align:baseline;}<\/style>\n<h3 class=\"kt-adv-heading5323_2eb88a-12 wp-block-kadence-advancedheading\" data-kb-block=\"kb-adv-heading5323_2eb88a-12\">Grazie per aver scelto Low Taper Fades<\/h3>\n","protected":false},"excerpt":{"rendered":"<p>Benvenuto su Low Taper Fades, la tua destinazione definitiva per tagli di capelli maschili moderni, puliti ed eleganti.Siamo una piattaforma dedicata all\u2019ispirazione per tagli di capelli, focalizzata interamente sugli stili Low Taper Fade. Il nostro obiettivo \u00e8 semplice: aiutare gli uomini a scoprire i migliori stili low taper fade che si adattino alla loro personalit\u00e0,&#8230;<\/p>\n","protected":false},"author":1,"featured_media":0,"parent":0,"menu_order":0,"comment_status":"closed","ping_status":"closed","template":"","meta":{"_kad_blocks_custom_css":"","_kad_blocks_head_custom_js":"","_kad_blocks_body_custom_js":"","_kad_blocks_footer_custom_js":"","_kad_post_transparent":"","_kad_post_title":"","_kad_post_layout":"","_kad_post_sidebar_id":"","_kad_post_content_style":"","_kad_post_vertical_padding":"","_kad_post_feature":"","_kad_post_feature_position":"","_kad_post_header":false,"_kad_post_footer":false,"_kad_post_classname":"","footnotes":""},"class_list":["post-5323","page","type-page","status-publish","hentry"],"taxonomy_info":[],"featured_image_src_large":false,"author_info":{"display_name":"Davidson","author_link":"https:\/\/lowtaperfades.com\/it\/author\/miraj-din82gmail-com\/"},"comment_info":0,"_hostinger_reach_plugin_has_subscription_block":false,"_hostinger_reach_plugin_is_elementor":false,"_links":{"self":[{"href":"https:\/\/lowtaperfades.com\/it\/wp-json\/wp\/v2\/pages\/5323","targetHints":{"allow":["GET"]}}],"collection":[{"href":"https:\/\/lowtaperfades.com\/it\/wp-json\/wp\/v2\/pages"}],"about":[{"href":"https:\/\/lowtaperfades.com\/it\/wp-json\/wp\/v2\/types\/page"}],"author":[{"embeddable":true,"href":"https:\/\/lowtaperfades.com\/it\/wp-json\/wp\/v2\/users\/1"}],"replies":[{"embeddable":true,"href":"https:\/\/lowtaperfades.com\/it\/wp-json\/wp\/v2\/comments?post=5323"}],"version-history":[{"count":1,"href":"https:\/\/lowtaperfades.com\/it\/wp-json\/wp\/v2\/pages\/5323\/revisions"}],"predecessor-version":[{"id":5327,"href":"https:\/\/lowtaperfades.com\/it\/wp-json\/wp\/v2\/pages\/5323\/revisions\/5327"}],"wp:attachment":[{"href":"https:\/\/lowtaperfades.com\/it\/wp-json\/wp\/v2\/media?parent=5323"}],"curies":[{"name":"wp","href":"https:\/\/api.w.org\/{rel}","templated":true}]}}