{"id":4096,"date":"2026-02-25T12:50:16","date_gmt":"2026-02-25T12:50:16","guid":{"rendered":"https:\/\/lowtaperfades.com\/privacy-policy\/"},"modified":"2026-05-01T09:01:05","modified_gmt":"2026-05-01T09:01:05","slug":"privacy-policy","status":"publish","type":"page","link":"https:\/\/lowtaperfades.com\/de\/privacy-policy\/","title":{"rendered":"Datenschutzrichtlinie"},"content":{"rendered":"\n<p>Zuletzt aktualisiert: Februar 2026<\/p>\n\n\n\n<p>Bei Low Taper Fades ist uns deine Privatsph\u00e4re wichtig. Diese Datenschutzrichtlinie erkl\u00e4rt, wie wir Informationen erfassen, verwenden und sch\u00fctzen, wenn du unsere Website besuchst, Haarschnitt-Guides durchst\u00f6berst oder mit unseren Inhalten zu Low Taper Fades, Fade-Styles und Pflegetipps interagierst.<\/p>\n\n\n<style>.kb-row-layout-id4096_3e91c8-01 > .kt-row-column-wrap{align-content:start;}:where(.kb-row-layout-id4096_3e91c8-01 > .kt-row-column-wrap) > .wp-block-kadence-column{justify-content:start;}.kb-row-layout-id4096_3e91c8-01 > .kt-row-column-wrap{column-gap:var(--global-kb-gap-md, 2rem);row-gap:var(--global-kb-gap-md, 2rem);padding-top:var(--global-kb-spacing-sm, 1.5rem);padding-bottom:var(--global-kb-spacing-sm, 1.5rem);grid-template-columns:minmax(0, 1fr);}.kb-row-layout-id4096_3e91c8-01 > .kt-row-layout-overlay{opacity:0.30;}@media all and (max-width: 1024px){.kb-row-layout-id4096_3e91c8-01 > .kt-row-column-wrap{grid-template-columns:minmax(0, 1fr);}}@media all and (max-width: 767px){.kb-row-layout-id4096_3e91c8-01 > .kt-row-column-wrap{grid-template-columns:minmax(0, 1fr);}}<\/style><div class=\"kb-row-layout-wrap kb-row-layout-id4096_3e91c8-01 alignnone wp-block-kadence-rowlayout\"><div class=\"kt-row-column-wrap kt-has-1-columns kt-row-layout-equal kt-tab-layout-inherit kt-mobile-layout-row kt-row-valign-top\">\n<style>.kadence-column4096_75616e-e4 > .kt-inside-inner-col,.kadence-column4096_75616e-e4 > .kt-inside-inner-col:before{border-top-left-radius:0px;border-top-right-radius:0px;border-bottom-right-radius:0px;border-bottom-left-radius:0px;}.kadence-column4096_75616e-e4 > .kt-inside-inner-col{column-gap:var(--global-kb-gap-sm, 1rem);}.kadence-column4096_75616e-e4 > .kt-inside-inner-col{flex-direction:column;}.kadence-column4096_75616e-e4 > .kt-inside-inner-col > .aligncenter{width:100%;}.kadence-column4096_75616e-e4 > .kt-inside-inner-col:before{opacity:0.3;}.kadence-column4096_75616e-e4{position:relative;}@media all and (max-width: 1024px){.kadence-column4096_75616e-e4 > .kt-inside-inner-col{flex-direction:column;justify-content:center;}}@media all and (max-width: 767px){.kadence-column4096_75616e-e4 > .kt-inside-inner-col{flex-direction:column;justify-content:center;}}<\/style>\n<div class=\"wp-block-kadence-column kadence-column4096_75616e-e4\"><div class=\"kt-inside-inner-col\"><style>.wp-block-kadence-advancedheading.kt-adv-heading4096_a2fafb-01, .wp-block-kadence-advancedheading.kt-adv-heading4096_a2fafb-01[data-kb-block=\"kb-adv-heading4096_a2fafb-01\"]{font-style:normal;}.wp-block-kadence-advancedheading.kt-adv-heading4096_a2fafb-01 mark.kt-highlight, .wp-block-kadence-advancedheading.kt-adv-heading4096_a2fafb-01[data-kb-block=\"kb-adv-heading4096_a2fafb-01\"] mark.kt-highlight{font-style:normal;color:#f76a0c;-webkit-box-decoration-break:clone;box-decoration-break:clone;padding-top:0px;padding-right:0px;padding-bottom:0px;padding-left:0px;}.wp-block-kadence-advancedheading.kt-adv-heading4096_a2fafb-01 img.kb-inline-image, .wp-block-kadence-advancedheading.kt-adv-heading4096_a2fafb-01[data-kb-block=\"kb-adv-heading4096_a2fafb-01\"] img.kb-inline-image{width:150px;vertical-align:baseline;}<\/style>\n<p class=\"kt-adv-heading4096_a2fafb-01 wp-block-kadence-advancedheading\" data-kb-block=\"kb-adv-heading4096_a2fafb-01\"><strong>Kontaktieren Sie uns<\/strong><\/p>\n\n\n<style>.wp-block-kadence-advancedheading.kt-adv-heading4096_16715e-71, .wp-block-kadence-advancedheading.kt-adv-heading4096_16715e-71[data-kb-block=\"kb-adv-heading4096_16715e-71\"]{padding-right:var(--global-kb-spacing-lg, 3rem);padding-left:var(--global-kb-spacing-lg, 3rem);font-style:normal;}.wp-block-kadence-advancedheading.kt-adv-heading4096_16715e-71 mark.kt-highlight, .wp-block-kadence-advancedheading.kt-adv-heading4096_16715e-71[data-kb-block=\"kb-adv-heading4096_16715e-71\"] mark.kt-highlight{font-style:normal;color:#f76a0c;-webkit-box-decoration-break:clone;box-decoration-break:clone;padding-top:0px;padding-right:0px;padding-bottom:0px;padding-left:0px;}.wp-block-kadence-advancedheading.kt-adv-heading4096_16715e-71 img.kb-inline-image, .wp-block-kadence-advancedheading.kt-adv-heading4096_16715e-71[data-kb-block=\"kb-adv-heading4096_16715e-71\"] img.kb-inline-image{width:150px;vertical-align:baseline;}<\/style>\n<p class=\"kt-adv-heading4096_16715e-71 wp-block-kadence-advancedheading\" data-kb-block=\"kb-adv-heading4096_16715e-71\">Wenn Sie Fragen oder Bedenken zu dieser Datenschutzrichtlinie haben, k\u00f6nnen Sie sich jederzeit an uns wenden:<\/p>\n\n\n\n<p>\ud83d\udce7 E-Mail: <a>lowtaperhaircuts@gmail.com<\/a><\/p>\n\n\n<style>.wp-block-kadence-advancedheading.kt-adv-heading4096_09c68f-aa, .wp-block-kadence-advancedheading.kt-adv-heading4096_09c68f-aa[data-kb-block=\"kb-adv-heading4096_09c68f-aa\"]{text-align:left;font-style:normal;}.wp-block-kadence-advancedheading.kt-adv-heading4096_09c68f-aa mark.kt-highlight, .wp-block-kadence-advancedheading.kt-adv-heading4096_09c68f-aa[data-kb-block=\"kb-adv-heading4096_09c68f-aa\"] mark.kt-highlight{font-style:normal;color:#f76a0c;-webkit-box-decoration-break:clone;box-decoration-break:clone;padding-top:0px;padding-right:0px;padding-bottom:0px;padding-left:0px;}.wp-block-kadence-advancedheading.kt-adv-heading4096_09c68f-aa img.kb-inline-image, .wp-block-kadence-advancedheading.kt-adv-heading4096_09c68f-aa[data-kb-block=\"kb-adv-heading4096_09c68f-aa\"] img.kb-inline-image{width:150px;vertical-align:baseline;}<\/style>\n<p class=\"kt-adv-heading4096_09c68f-aa wp-block-kadence-advancedheading\" data-kb-block=\"kb-adv-heading4096_09c68f-aa\"><strong>Welche Informationen wir erfassen<\/strong><\/p>\n\n\n\n<p class=\"has-text-align-left\">Wenn Sie unsere Website besuchen, k\u00f6nnen wir folgende Daten erfassen:<\/p>\n\n\n\n<p><strong>Ger\u00e4te- und Nutzungsinformationen<\/strong><\/p>\n\n\n<style>.wp-block-kadence-advancedheading.kt-adv-heading4096_7b981e-a4, .wp-block-kadence-advancedheading.kt-adv-heading4096_7b981e-a4[data-kb-block=\"kb-adv-heading4096_7b981e-a4\"]{font-style:normal;}.wp-block-kadence-advancedheading.kt-adv-heading4096_7b981e-a4 mark.kt-highlight, .wp-block-kadence-advancedheading.kt-adv-heading4096_7b981e-a4[data-kb-block=\"kb-adv-heading4096_7b981e-a4\"] mark.kt-highlight{font-style:normal;color:#f76a0c;-webkit-box-decoration-break:clone;box-decoration-break:clone;padding-top:0px;padding-right:0px;padding-bottom:0px;padding-left:0px;}.wp-block-kadence-advancedheading.kt-adv-heading4096_7b981e-a4 img.kb-inline-image, .wp-block-kadence-advancedheading.kt-adv-heading4096_7b981e-a4[data-kb-block=\"kb-adv-heading4096_7b981e-a4\"] img.kb-inline-image{width:150px;vertical-align:baseline;}<\/style>\n<h5 class=\"kt-adv-heading4096_7b981e-a4 wp-block-kadence-advancedheading\" data-kb-block=\"kb-adv-heading4096_7b981e-a4\">Kontaktinformationen<\/h5>\n\n\n<style>.wp-block-kadence-advancedheading.kt-adv-heading4096_6b8367-1f, .wp-block-kadence-advancedheading.kt-adv-heading4096_6b8367-1f[data-kb-block=\"kb-adv-heading4096_6b8367-1f\"]{font-style:normal;}.wp-block-kadence-advancedheading.kt-adv-heading4096_6b8367-1f mark.kt-highlight, .wp-block-kadence-advancedheading.kt-adv-heading4096_6b8367-1f[data-kb-block=\"kb-adv-heading4096_6b8367-1f\"] mark.kt-highlight{font-style:normal;color:#f76a0c;-webkit-box-decoration-break:clone;box-decoration-break:clone;padding-top:0px;padding-right:0px;padding-bottom:0px;padding-left:0px;}.wp-block-kadence-advancedheading.kt-adv-heading4096_6b8367-1f img.kb-inline-image, .wp-block-kadence-advancedheading.kt-adv-heading4096_6b8367-1f[data-kb-block=\"kb-adv-heading4096_6b8367-1f\"] img.kb-inline-image{width:150px;vertical-align:baseline;}<\/style>\n<p class=\"kt-adv-heading4096_6b8367-1f wp-block-kadence-advancedheading\" data-kb-block=\"kb-adv-heading4096_6b8367-1f\">Name<br>Email address<br>Diese Daten werden nur erfasst, wenn Sie uns \u00fcber Formulare oder per E-Mail kontaktieren, damit wir auf Ihre Fragen oder Ihr Feedback antworten k\u00f6nnen.<\/p>\n\n\n<style>.wp-block-kadence-advancedheading.kt-adv-heading4096_f5fd02-e9, .wp-block-kadence-advancedheading.kt-adv-heading4096_f5fd02-e9[data-kb-block=\"kb-adv-heading4096_f5fd02-e9\"]{text-align:center;font-style:normal;}.wp-block-kadence-advancedheading.kt-adv-heading4096_f5fd02-e9 mark.kt-highlight, .wp-block-kadence-advancedheading.kt-adv-heading4096_f5fd02-e9[data-kb-block=\"kb-adv-heading4096_f5fd02-e9\"] mark.kt-highlight{font-style:normal;color:#f76a0c;-webkit-box-decoration-break:clone;box-decoration-break:clone;padding-top:0px;padding-right:0px;padding-bottom:0px;padding-left:0px;}.wp-block-kadence-advancedheading.kt-adv-heading4096_f5fd02-e9 img.kb-inline-image, .wp-block-kadence-advancedheading.kt-adv-heading4096_f5fd02-e9[data-kb-block=\"kb-adv-heading4096_f5fd02-e9\"] img.kb-inline-image{width:150px;vertical-align:baseline;}<\/style>\n<h6 class=\"kt-adv-heading4096_f5fd02-e9 wp-block-kadence-advancedheading\" data-kb-block=\"kb-adv-heading4096_f5fd02-e9\">Wie wir Ihre Informationen verwenden<\/h6>\n\n\n<style>.wp-block-kadence-advancedheading.kt-adv-heading4096_114fa4-5e, .wp-block-kadence-advancedheading.kt-adv-heading4096_114fa4-5e[data-kb-block=\"kb-adv-heading4096_114fa4-5e\"]{padding-right:var(--global-kb-spacing-lg, 3rem);padding-left:var(--global-kb-spacing-lg, 3rem);font-style:normal;}.wp-block-kadence-advancedheading.kt-adv-heading4096_114fa4-5e mark.kt-highlight, .wp-block-kadence-advancedheading.kt-adv-heading4096_114fa4-5e[data-kb-block=\"kb-adv-heading4096_114fa4-5e\"] mark.kt-highlight{font-style:normal;color:#f76a0c;-webkit-box-decoration-break:clone;box-decoration-break:clone;padding-top:0px;padding-right:0px;padding-bottom:0px;padding-left:0px;}.wp-block-kadence-advancedheading.kt-adv-heading4096_114fa4-5e img.kb-inline-image, .wp-block-kadence-advancedheading.kt-adv-heading4096_114fa4-5e[data-kb-block=\"kb-adv-heading4096_114fa4-5e\"] img.kb-inline-image{width:150px;vertical-align:baseline;}<\/style>\n<p class=\"kt-adv-heading4096_114fa4-5e wp-block-kadence-advancedheading\" data-kb-block=\"kb-adv-heading4096_114fa4-5e\">Wir k\u00f6nnen einige Informationen mit vertrauensw\u00fcrdigen Dienstleistern teilen, um den Betrieb der Website zu unterst\u00fctzen und Werbung anzuzeigen, einschlie\u00dflich:<br><strong>Google Analytics<\/strong> \u2013 zur Analyse des Traffics und zum Verst\u00e4ndnis des Nutzerverhaltens<br><strong>Google AdSense<\/strong> \u2013 zur Anzeige relevanter Werbung<br>Wir verkaufen Ihre pers\u00f6nlichen Daten niemals und geben sie nur weiter, um gesetzliche Verpflichtungen zu erf\u00fcllen oder unsere Rechte zu sch\u00fctzen<\/p>\n\n\n<style>.wp-block-kadence-advancedheading.kt-adv-heading4096_e10382-62, .wp-block-kadence-advancedheading.kt-adv-heading4096_e10382-62[data-kb-block=\"kb-adv-heading4096_e10382-62\"]{text-align:center;font-style:normal;}.wp-block-kadence-advancedheading.kt-adv-heading4096_e10382-62 mark.kt-highlight, .wp-block-kadence-advancedheading.kt-adv-heading4096_e10382-62[data-kb-block=\"kb-adv-heading4096_e10382-62\"] mark.kt-highlight{font-style:normal;color:#f76a0c;-webkit-box-decoration-break:clone;box-decoration-break:clone;padding-top:0px;padding-right:0px;padding-bottom:0px;padding-left:0px;}.wp-block-kadence-advancedheading.kt-adv-heading4096_e10382-62 img.kb-inline-image, .wp-block-kadence-advancedheading.kt-adv-heading4096_e10382-62[data-kb-block=\"kb-adv-heading4096_e10382-62\"] img.kb-inline-image{width:150px;vertical-align:baseline;}<\/style>\n<h6 class=\"kt-adv-heading4096_e10382-62 wp-block-kadence-advancedheading\" data-kb-block=\"kb-adv-heading4096_e10382-62\">Wir verwenden die gesammelten Informationen, um:<\/h6>\n\n\n\n<p>unsere Haarschnitt-Guides und Tutorials zu verbessern zu verstehen, welche Fade-Styles und Pflegetipps Ihnen am besten gefallen auf Ihre Fragen und Kommentare zu antworten ein personalisiertes Nutzungserlebnis zu bieten relevante Werbung anzuzeigen (z. B. Friseurwerkzeuge, Haarprodukte)<\/p>\n\n\n\n<p>Weitergabe von Informationen<\/p>\n\n\n\n<p><\/p>\n<\/div><\/div>\n\n<\/div><\/div>\n\n\n<p class=\"<div style=&quot;max-width: 900px; margin: auto; font-family: Arial, sans-serif; line-height: 1.8; color: #333;&quot;&gt;  <h1 style=&quot;text-align:center; margin-bottom:10px;&quot;&gt;Privacy Policy<\/h1&gt; <p style=&quot;text-align:center; font-size:14px; color:gray;&quot;&gt;Last Updated: February 2026<\/p&gt;  <hr&gt;  <h2&gt;1. Introduction<\/h2&gt; <p&gt;Welcome to <strong&gt;Low Taper Fades<\/strong&gt;. Your privacy is important to us. This Privacy Policy explains how we collect, use, and protect your information when you visit our website.<\/p&gt;  <h2&gt;2. Information We Collect<\/h2&gt; <ul&gt; <li&gt;Name (if submitted via contact forms)<\/li&gt; <li&gt;Email address<\/li&gt; <li&gt;IP address<\/li&gt; <li&gt;Browser type<\/li&gt; <li&gt;Cookies and usage data<\/li&gt; <\/ul&gt;  <h2&gt;3. How We Use Your Information<\/h2&gt; <ul&gt; <li&gt;To improve website performance<\/li&gt; <li&gt;To enhance user experience<\/li&gt; <li&gt;To respond to inquiries<\/li&gt; <li&gt;To analyze traffic and visitor behavior<\/li&gt; <li&gt;To display relevant advertisements<\/li&gt; <\/ul&gt;  <h2&gt;4. Cookies Policy<\/h2&gt; <p&gt;We use cookies to improve your browsing experience, analyze website traffic, and personalize content. You can disable cookies in your browser settings at any time.<\/p&gt;  <h2&gt;5. Third-Party Services<\/h2&gt; <p&gt;We may use third-party services such as:<\/p&gt; <ul&gt; <li&gt;<strong&gt;Google Analytics<\/strong&gt; \u2013 to analyze website traffic<\/li&gt; <li&gt;<strong&gt;Google AdSense<\/strong&gt; \u2013 to display advertisements<\/li&gt; <\/ul&gt; <p&gt;These third-party providers have their own privacy policies regarding how they handle user data.<\/p&gt;  <h2&gt;6. Data Protection<\/h2&gt; <p&gt;We implement appropriate security measures to protect your personal information. However, no online transmission is completely secure.<\/p&gt;  <h2&gt;7. Children's Privacy<\/h2&gt; <p&gt;Our website is not intended for children under 13 years of age. We do not knowingly collect personal data from children.<\/p&gt;  <h2&gt;8. Changes to This Privacy Policy<\/h2&gt; <p&gt;We may update this Privacy Policy from time to time. Changes will be posted on this page with an updated revision date.<\/p&gt;  <h2&gt;9. Contact Us<\/h2&gt; <p&gt;If you have any questions regarding this Privacy Policy, you may contact us at:<\/p&gt; <p&gt;Email: your@email.com<br&gt; Website: www.yoursite.com<\/p&gt;  <hr&gt;  <p style=&quot;font-size:13px; color:gray; text-align:center;&quot;&gt;\u00a9 2026 Low Taper Fades. All Rights Reserved.<\/p&gt;  <\/div&gt;\" id=\"<div-style=&quot;max-width:-900px;-margin:-auto;-font-family:-Arial,-sans-serif;-line-height:-1.8;-color:--333;&quot;&gt;--<h1-style=&quot;text-align:center;-margin-bottom:10px;&quot;&gt;Privacy-Policy<\/h1&gt;-<p-style=&quot;text-align:center;-font-size:14px;-color:gray;&quot;&gt;Last-Updated:-February-2026<\/p&gt;--<hr&gt;--<h2&gt;1.-Introduction<\/h2&gt;-<p&gt;Welcome-to-<strong&gt;Low-Taper-Fades<\/strong&gt;.-Your-privacy-is-important-to-us.-This-Privacy-Policy-explains-how-we-collect,-use,-and-protect-your-information-when-you-visit-our-website.<\/p&gt;--<h2&gt;2.-Information-We-Collect<\/h2&gt;-<ul&gt;-<li&gt;Name-(if-submitted-via-contact-forms)<\/li&gt;-<li&gt;Email-address<\/li&gt;-<li&gt;IP-address<\/li&gt;-<li&gt;Browser-type<\/li&gt;-<li&gt;Cookies-and-usage-data<\/li&gt;-<\/ul&gt;--<h2&gt;3.-How-We-Use-Your-Information<\/h2&gt;-<ul&gt;-<li&gt;To-improve-website-performance<\/li&gt;-<li&gt;To-enhance-user-experience<\/li&gt;-<li&gt;To-respond-to-inquiries<\/li&gt;-<li&gt;To-analyze-traffic-and-visitor-behavior<\/li&gt;-<li&gt;To-display-relevant-advertisements<\/li&gt;-<\/ul&gt;--<h2&gt;4.-Cookies-Policy<\/h2&gt;-<p&gt;We-use-cookies-to-improve-your-browsing-experience,-analyze-website-traffic,-and-personalize-content.-You-can-disable-cookies-in-your-browser-settings-at-any-time.<\/p&gt;--<h2&gt;5.-Third-Party-Services<\/h2&gt;-<p&gt;We-may-use-third-party-services-such-as:<\/p&gt;-<ul&gt;-<li&gt;<strong&gt;Google-Analytics<\/strong&gt;-\u2013-to-analyze-website-traffic<\/li&gt;-<li&gt;<strong&gt;Google-AdSense<\/strong&gt;-\u2013-to-display-advertisements<\/li&gt;-<\/ul&gt;-<p&gt;These-third-party-providers-have-their-own-privacy-policies-regarding-how-they-handle-user-data.<\/p&gt;--<h2&gt;6.-Data-Protection<\/h2&gt;-<p&gt;We-implement-appropriate-security-measures-to-protect-your-personal-information.-However,-no-online-transmission-is-completely-secure.<\/p&gt;--<h2&gt;7.-Children's-Privacy<\/h2&gt;-<p&gt;Our-website-is-not-intended-for-children-under-13-years-of-age.-We-do-not-knowingly-collect-personal-data-from-children.<\/p&gt;--<h2&gt;8.-Changes-to-This-Privacy-Policy<\/h2&gt;-<p&gt;We-may-update-this-Privacy-Policy-from-time-to-time.-Changes-will-be-posted-on-this-page-with-an-updated-revision-date.<\/p&gt;--<h2&gt;9.-Contact-Us<\/h2&gt;-<p&gt;If-you-have-any-questions-regarding-this-Privacy-Policy,-you-may-contact-us-at:<\/p&gt;-<p&gt;Email:-your@email.com<br&gt;-Website:-www.yoursite.com<\/p&gt;--<hr&gt;--<p-style=&quot;font-size:13px;-color:gray;-text-align:center;&quot;&gt;\u00a9-2026-Low-Taper-Fades.-All-Rights-Reserved.<\/p&gt;--<\/div&gt;\"><\/p>\n\n\n\n<p><\/p>\n","protected":false},"excerpt":{"rendered":"<p>Zuletzt aktualisiert: Februar 2026 Bei Low Taper Fades ist uns deine Privatsph\u00e4re wichtig. Diese Datenschutzrichtlinie erkl\u00e4rt, wie wir Informationen erfassen, verwenden und sch\u00fctzen, wenn du unsere Website besuchst, Haarschnitt-Guides durchst\u00f6berst oder mit unseren Inhalten zu Low Taper Fades, Fade-Styles und Pflegetipps interagierst. Kontaktieren Sie uns Wenn Sie Fragen oder Bedenken zu dieser Datenschutzrichtlinie haben, k\u00f6nnen&#8230;<\/p>\n","protected":false},"author":1,"featured_media":0,"parent":0,"menu_order":0,"comment_status":"closed","ping_status":"closed","template":"","meta":{"_kad_blocks_custom_css":"","_kad_blocks_head_custom_js":"","_kad_blocks_body_custom_js":"","_kad_blocks_footer_custom_js":"","_kad_post_transparent":"","_kad_post_title":"","_kad_post_layout":"","_kad_post_sidebar_id":"","_kad_post_content_style":"","_kad_post_vertical_padding":"","_kad_post_feature":"","_kad_post_feature_position":"","_kad_post_header":false,"_kad_post_footer":false,"_kad_post_classname":"","footnotes":""},"class_list":["post-4096","page","type-page","status-publish","hentry"],"taxonomy_info":[],"featured_image_src_large":false,"author_info":{"display_name":"Davidson","author_link":"https:\/\/lowtaperfades.com\/de\/author\/miraj-din82gmail-com\/"},"comment_info":0,"_hostinger_reach_plugin_has_subscription_block":false,"_hostinger_reach_plugin_is_elementor":false,"_links":{"self":[{"href":"https:\/\/lowtaperfades.com\/de\/wp-json\/wp\/v2\/pages\/4096","targetHints":{"allow":["GET"]}}],"collection":[{"href":"https:\/\/lowtaperfades.com\/de\/wp-json\/wp\/v2\/pages"}],"about":[{"href":"https:\/\/lowtaperfades.com\/de\/wp-json\/wp\/v2\/types\/page"}],"author":[{"embeddable":true,"href":"https:\/\/lowtaperfades.com\/de\/wp-json\/wp\/v2\/users\/1"}],"replies":[{"embeddable":true,"href":"https:\/\/lowtaperfades.com\/de\/wp-json\/wp\/v2\/comments?post=4096"}],"version-history":[{"count":1,"href":"https:\/\/lowtaperfades.com\/de\/wp-json\/wp\/v2\/pages\/4096\/revisions"}],"predecessor-version":[{"id":4424,"href":"https:\/\/lowtaperfades.com\/de\/wp-json\/wp\/v2\/pages\/4096\/revisions\/4424"}],"wp:attachment":[{"href":"https:\/\/lowtaperfades.com\/de\/wp-json\/wp\/v2\/media?parent=4096"}],"curies":[{"name":"wp","href":"https:\/\/api.w.org\/{rel}","templated":true}]}}