{"id":4091,"date":"2026-02-27T12:02:58","date_gmt":"2026-02-27T12:02:58","guid":{"rendered":"https:\/\/lowtaperfades.com\/about-us\/"},"modified":"2026-04-26T08:42:37","modified_gmt":"2026-04-26T08:42:37","slug":"about-us","status":"publish","type":"page","link":"https:\/\/lowtaperfades.com\/de\/about-us\/","title":{"rendered":"\u00dcber uns"},"content":{"rendered":"<style>.wp-block-kadence-advancedheading.kt-adv-heading4091_1a1d0d-f6, .wp-block-kadence-advancedheading.kt-adv-heading4091_1a1d0d-f6[data-kb-block=\"kb-adv-heading4091_1a1d0d-f6\"]{max-width:1080px;padding-right:var(--global-kb-spacing-lg, 3rem);padding-left:var(--global-kb-spacing-lg, 3rem);font-style:normal;}.wp-block-kadence-advancedheading.kt-adv-heading4091_1a1d0d-f6 mark.kt-highlight, .wp-block-kadence-advancedheading.kt-adv-heading4091_1a1d0d-f6[data-kb-block=\"kb-adv-heading4091_1a1d0d-f6\"] mark.kt-highlight{font-style:normal;color:#f76a0c;-webkit-box-decoration-break:clone;box-decoration-break:clone;padding-top:0px;padding-right:0px;padding-bottom:0px;padding-left:0px;}.wp-block-kadence-advancedheading.kt-adv-heading4091_1a1d0d-f6 img.kb-inline-image, .wp-block-kadence-advancedheading.kt-adv-heading4091_1a1d0d-f6[data-kb-block=\"kb-adv-heading4091_1a1d0d-f6\"] img.kb-inline-image{width:150px;vertical-align:baseline;}<\/style>\n<p class=\"kt-adv-heading4091_1a1d0d-f6 wp-block-kadence-advancedheading\" data-kb-block=\"kb-adv-heading4091_1a1d0d-f6\">Willkommen bei Low Taper Fades, deinem ultimativen Ziel f\u00fcr moderne, saubere und stilvolle Herrenhaarschnitte.<br>Wir sind eine spezialisierte Plattform f\u00fcr Haarschnitt-Inspirationen, die sich vollst\u00e4ndig auf Low Taper Fade Frisuren konzentriert. Unser Ziel ist einfach: M\u00e4nnern dabei zu helfen, die besten Low Taper Fade Styles zu entdecken, die zu ihrer Pers\u00f6nlichkeit, ihrem Haartyp und ihrem Lebensstil passen.<br>Egal, ob du nach deiner n\u00e4chsten Frisurenidee suchst oder eine klare Vorlage f\u00fcr deinen Friseur brauchst \u2013 Low Taper Fades hilft dir dabei, die richtige Wahl mit Selbstvertrauen zu treffen.<\/p>\n\n\n<style>.wp-block-kadence-advancedheading.kt-adv-heading4091_654680-c0, .wp-block-kadence-advancedheading.kt-adv-heading4091_654680-c0[data-kb-block=\"kb-adv-heading4091_654680-c0\"]{text-align:center;font-style:normal;}.wp-block-kadence-advancedheading.kt-adv-heading4091_654680-c0 mark.kt-highlight, .wp-block-kadence-advancedheading.kt-adv-heading4091_654680-c0[data-kb-block=\"kb-adv-heading4091_654680-c0\"] mark.kt-highlight{font-style:normal;color:#f76a0c;-webkit-box-decoration-break:clone;box-decoration-break:clone;padding-top:0px;padding-right:0px;padding-bottom:0px;padding-left:0px;}.wp-block-kadence-advancedheading.kt-adv-heading4091_654680-c0 img.kb-inline-image, .wp-block-kadence-advancedheading.kt-adv-heading4091_654680-c0[data-kb-block=\"kb-adv-heading4091_654680-c0\"] img.kb-inline-image{width:150px;vertical-align:baseline;}<\/style>\n<h3 class=\"kt-adv-heading4091_654680-c0 wp-block-kadence-advancedheading has-theme-palette-9-color has-text-color has-theme-palette-3-background-color has-background\" data-kb-block=\"kb-adv-heading4091_654680-c0\"><strong>Wer wir sind<\/strong><\/h3>\n\n\n<style>.wp-block-kadence-advancedheading.kt-adv-heading4091_3d54e2-25, .wp-block-kadence-advancedheading.kt-adv-heading4091_3d54e2-25[data-kb-block=\"kb-adv-heading4091_3d54e2-25\"]{max-width:1080px;padding-right:var(--global-kb-spacing-lg, 3rem);padding-left:var(--global-kb-spacing-lg, 3rem);font-style:normal;}.wp-block-kadence-advancedheading.kt-adv-heading4091_3d54e2-25 mark.kt-highlight, .wp-block-kadence-advancedheading.kt-adv-heading4091_3d54e2-25[data-kb-block=\"kb-adv-heading4091_3d54e2-25\"] mark.kt-highlight{font-style:normal;color:#f76a0c;-webkit-box-decoration-break:clone;box-decoration-break:clone;padding-top:0px;padding-right:0px;padding-bottom:0px;padding-left:0px;}.wp-block-kadence-advancedheading.kt-adv-heading4091_3d54e2-25 img.kb-inline-image, .wp-block-kadence-advancedheading.kt-adv-heading4091_3d54e2-25[data-kb-block=\"kb-adv-heading4091_3d54e2-25\"] img.kb-inline-image{width:150px;vertical-align:baseline;}<\/style>\n<p class=\"kt-adv-heading4091_3d54e2-25 wp-block-kadence-advancedheading\" data-kb-block=\"kb-adv-heading4091_3d54e2-25\">Low Taper Fades ist eine stilorientierte Website, erstellt f\u00fcr:<br>M\u00e4nner, die nach trendigen Haarschnitten suchen<br>Friseure, die neue Inspirationen suchen<br>Alle, die einen scharfen, sauberen und modernen Look wollen<br>Wir erstellen und kuratieren Inhalte rund um Low Taper Fade Haarschnitte und kombinieren visuelle Inspiration mit leicht verst\u00e4ndlicher Stilberatung.<\/p>\n\n\n<style>.wp-block-kadence-advancedheading.kt-adv-heading4091_3618e6-41, .wp-block-kadence-advancedheading.kt-adv-heading4091_3618e6-41[data-kb-block=\"kb-adv-heading4091_3618e6-41\"]{text-align:center;font-style:normal;}.wp-block-kadence-advancedheading.kt-adv-heading4091_3618e6-41 mark.kt-highlight, .wp-block-kadence-advancedheading.kt-adv-heading4091_3618e6-41[data-kb-block=\"kb-adv-heading4091_3618e6-41\"] mark.kt-highlight{font-style:normal;color:#f76a0c;-webkit-box-decoration-break:clone;box-decoration-break:clone;padding-top:0px;padding-right:0px;padding-bottom:0px;padding-left:0px;}.wp-block-kadence-advancedheading.kt-adv-heading4091_3618e6-41 img.kb-inline-image, .wp-block-kadence-advancedheading.kt-adv-heading4091_3618e6-41[data-kb-block=\"kb-adv-heading4091_3618e6-41\"] img.kb-inline-image{width:150px;vertical-align:baseline;}<\/style>\n<h3 class=\"kt-adv-heading4091_3618e6-41 wp-block-kadence-advancedheading has-theme-palette-9-color has-text-color has-theme-palette-3-background-color has-background\" data-kb-block=\"kb-adv-heading4091_3618e6-41\">Was uns besonders macht<\/h3>\n\n\n<style>.wp-block-kadence-advancedheading.kt-adv-heading4091_70600d-8c, .wp-block-kadence-advancedheading.kt-adv-heading4091_70600d-8c[data-kb-block=\"kb-adv-heading4091_70600d-8c\"]{max-width:1080px;padding-right:var(--global-kb-spacing-lg, 3rem);padding-left:var(--global-kb-spacing-lg, 3rem);text-align:left;font-style:normal;}.wp-block-kadence-advancedheading.kt-adv-heading4091_70600d-8c mark.kt-highlight, .wp-block-kadence-advancedheading.kt-adv-heading4091_70600d-8c[data-kb-block=\"kb-adv-heading4091_70600d-8c\"] mark.kt-highlight{font-style:normal;color:#f76a0c;-webkit-box-decoration-break:clone;box-decoration-break:clone;padding-top:0px;padding-right:0px;padding-bottom:0px;padding-left:0px;}.wp-block-kadence-advancedheading.kt-adv-heading4091_70600d-8c img.kb-inline-image, .wp-block-kadence-advancedheading.kt-adv-heading4091_70600d-8c[data-kb-block=\"kb-adv-heading4091_70600d-8c\"] img.kb-inline-image{width:150px;vertical-align:baseline;}<\/style>\n<p class=\"kt-adv-heading4091_70600d-8c wp-block-kadence-advancedheading\" data-kb-block=\"kb-adv-heading4091_70600d-8c\">Wir zeigen nicht nur Bilder von Haarschnitten \u2013 wir bieten echten Mehrwert:<br>Detaillierte Erkl\u00e4rungen zu jedem Low Taper Fade Stil<br>Haarschnitt-Ideen basierend auf Haartyp und Gesichtsform<br>Trendige sowie zeitlose Variationen<br>Inhalte f\u00fcr Anf\u00e4nger und Profis gleicherma\u00dfen<br>Unsere Plattform hat ein klares Ziel:<br>Dir dabei zu helfen, den perfekten Low Taper Fade zu w\u00e4hlen.<\/p>\n\n\n<style>.wp-block-kadence-advancedheading.kt-adv-heading4091_eb1c6d-be, .wp-block-kadence-advancedheading.kt-adv-heading4091_eb1c6d-be[data-kb-block=\"kb-adv-heading4091_eb1c6d-be\"]{text-align:center;font-style:normal;}.wp-block-kadence-advancedheading.kt-adv-heading4091_eb1c6d-be mark.kt-highlight, .wp-block-kadence-advancedheading.kt-adv-heading4091_eb1c6d-be[data-kb-block=\"kb-adv-heading4091_eb1c6d-be\"] mark.kt-highlight{font-style:normal;color:#f76a0c;-webkit-box-decoration-break:clone;box-decoration-break:clone;padding-top:0px;padding-right:0px;padding-bottom:0px;padding-left:0px;}.wp-block-kadence-advancedheading.kt-adv-heading4091_eb1c6d-be img.kb-inline-image, .wp-block-kadence-advancedheading.kt-adv-heading4091_eb1c6d-be[data-kb-block=\"kb-adv-heading4091_eb1c6d-be\"] img.kb-inline-image{width:150px;vertical-align:baseline;}<\/style>\n<h3 class=\"kt-adv-heading4091_eb1c6d-be wp-block-kadence-advancedheading has-theme-palette-9-color has-text-color has-theme-palette-3-background-color has-background\" data-kb-block=\"kb-adv-heading4091_eb1c6d-be\">Unsere Nische: Low Taper Fade Frisuren<\/h3>\n\n\n<style>.wp-block-kadence-advancedheading.kt-adv-heading4091_7c45da-20, .wp-block-kadence-advancedheading.kt-adv-heading4091_7c45da-20[data-kb-block=\"kb-adv-heading4091_7c45da-20\"]{max-width:1080px;padding-right:var(--global-kb-spacing-lg, 3rem);padding-left:var(--global-kb-spacing-lg, 3rem);font-style:normal;}.wp-block-kadence-advancedheading.kt-adv-heading4091_7c45da-20 mark.kt-highlight, .wp-block-kadence-advancedheading.kt-adv-heading4091_7c45da-20[data-kb-block=\"kb-adv-heading4091_7c45da-20\"] mark.kt-highlight{font-style:normal;color:#f76a0c;-webkit-box-decoration-break:clone;box-decoration-break:clone;padding-top:0px;padding-right:0px;padding-bottom:0px;padding-left:0px;}.wp-block-kadence-advancedheading.kt-adv-heading4091_7c45da-20 img.kb-inline-image, .wp-block-kadence-advancedheading.kt-adv-heading4091_7c45da-20[data-kb-block=\"kb-adv-heading4091_7c45da-20\"] img.kb-inline-image{width:150px;vertical-align:baseline;}<\/style>\n<p class=\"kt-adv-heading4091_7c45da-20 wp-block-kadence-advancedheading\" data-kb-block=\"kb-adv-heading4091_7c45da-20\">Der Low Taper Fade ist einer der vielseitigsten und beliebtesten Herrenhaarschnitte. Er ist sauber, professionell und passt perfekt zu l\u00e4ssigen, Street- und formellen Styles.<br>Deshalb widmet sich unsere gesamte Website Varianten wie:<br>Strukturierter Low Taper Fade<br>Low Taper Fade mit Pony<br>Low Taper Fade f\u00fcr d\u00fcnnes Haar<br>Styles f\u00fcr kurzes, lockiges, welliges und glattes Haar<br>Jeder Stil wird sorgf\u00e4ltig ausgew\u00e4hlt, um zu inspirieren und zu informieren.<\/p>\n\n\n<style>.wp-block-kadence-advancedheading.kt-adv-heading4091_39df2e-c2, .wp-block-kadence-advancedheading.kt-adv-heading4091_39df2e-c2[data-kb-block=\"kb-adv-heading4091_39df2e-c2\"]{text-align:center;font-style:normal;}.wp-block-kadence-advancedheading.kt-adv-heading4091_39df2e-c2 mark.kt-highlight, .wp-block-kadence-advancedheading.kt-adv-heading4091_39df2e-c2[data-kb-block=\"kb-adv-heading4091_39df2e-c2\"] mark.kt-highlight{font-style:normal;color:#f76a0c;-webkit-box-decoration-break:clone;box-decoration-break:clone;padding-top:0px;padding-right:0px;padding-bottom:0px;padding-left:0px;}.wp-block-kadence-advancedheading.kt-adv-heading4091_39df2e-c2 img.kb-inline-image, .wp-block-kadence-advancedheading.kt-adv-heading4091_39df2e-c2[data-kb-block=\"kb-adv-heading4091_39df2e-c2\"] img.kb-inline-image{width:150px;vertical-align:baseline;}<\/style>\n<h3 class=\"kt-adv-heading4091_39df2e-c2 wp-block-kadence-advancedheading has-theme-palette-9-color has-text-color has-theme-palette-3-background-color has-background\" data-kb-block=\"kb-adv-heading4091_39df2e-c2\">Our Mission<\/h3>\n\n\n<style>.wp-block-kadence-advancedheading.kt-adv-heading4091_86d541-95, .wp-block-kadence-advancedheading.kt-adv-heading4091_86d541-95[data-kb-block=\"kb-adv-heading4091_86d541-95\"]{max-width:1080px;padding-right:var(--global-kb-spacing-lg, 3rem);padding-left:var(--global-kb-spacing-lg, 3rem);font-style:normal;}.wp-block-kadence-advancedheading.kt-adv-heading4091_86d541-95 mark.kt-highlight, .wp-block-kadence-advancedheading.kt-adv-heading4091_86d541-95[data-kb-block=\"kb-adv-heading4091_86d541-95\"] mark.kt-highlight{font-style:normal;color:#f76a0c;-webkit-box-decoration-break:clone;box-decoration-break:clone;padding-top:0px;padding-right:0px;padding-bottom:0px;padding-left:0px;}.wp-block-kadence-advancedheading.kt-adv-heading4091_86d541-95 img.kb-inline-image, .wp-block-kadence-advancedheading.kt-adv-heading4091_86d541-95[data-kb-block=\"kb-adv-heading4091_86d541-95\"] img.kb-inline-image{width:150px;vertical-align:baseline;}<\/style>\n<p class=\"kt-adv-heading4091_86d541-95 wp-block-kadence-advancedheading\" data-kb-block=\"kb-adv-heading4091_86d541-95\">Our mission is to:<br>   Help you make better haircut decisions<br>   Provide clear haircut references for barbers<br>   Keep you updated with the latest low taper fade trends<br>We believe a great haircut builds confidence \u2014 and a <strong>Low Taper Fade<\/strong> is one of the best ways to achieve it.<\/p>\n\n\n<style>.wp-block-kadence-advancedheading.kt-adv-heading4091_88ab24-79, .wp-block-kadence-advancedheading.kt-adv-heading4091_88ab24-79[data-kb-block=\"kb-adv-heading4091_88ab24-79\"]{text-align:center;font-style:normal;}.wp-block-kadence-advancedheading.kt-adv-heading4091_88ab24-79 mark.kt-highlight, .wp-block-kadence-advancedheading.kt-adv-heading4091_88ab24-79[data-kb-block=\"kb-adv-heading4091_88ab24-79\"] mark.kt-highlight{font-style:normal;color:#f76a0c;-webkit-box-decoration-break:clone;box-decoration-break:clone;padding-top:0px;padding-right:0px;padding-bottom:0px;padding-left:0px;}.wp-block-kadence-advancedheading.kt-adv-heading4091_88ab24-79 img.kb-inline-image, .wp-block-kadence-advancedheading.kt-adv-heading4091_88ab24-79[data-kb-block=\"kb-adv-heading4091_88ab24-79\"] img.kb-inline-image{width:150px;vertical-align:baseline;}<\/style>\n<h3 class=\"kt-adv-heading4091_88ab24-79 wp-block-kadence-advancedheading has-theme-palette-9-color has-text-color has-theme-palette-3-background-color has-background\" data-kb-block=\"kb-adv-heading4091_88ab24-79\">Bleib verbunden<\/h3>\n\n\n<style>.wp-block-kadence-advancedheading.kt-adv-heading4091_8f4abc-42, .wp-block-kadence-advancedheading.kt-adv-heading4091_8f4abc-42[data-kb-block=\"kb-adv-heading4091_8f4abc-42\"]{max-width:1080px;padding-right:var(--global-kb-spacing-lg, 3rem);padding-left:var(--global-kb-spacing-lg, 3rem);font-style:normal;}.wp-block-kadence-advancedheading.kt-adv-heading4091_8f4abc-42 mark.kt-highlight, .wp-block-kadence-advancedheading.kt-adv-heading4091_8f4abc-42[data-kb-block=\"kb-adv-heading4091_8f4abc-42\"] mark.kt-highlight{font-style:normal;color:#f76a0c;-webkit-box-decoration-break:clone;box-decoration-break:clone;padding-top:0px;padding-right:0px;padding-bottom:0px;padding-left:0px;}.wp-block-kadence-advancedheading.kt-adv-heading4091_8f4abc-42 img.kb-inline-image, .wp-block-kadence-advancedheading.kt-adv-heading4091_8f4abc-42[data-kb-block=\"kb-adv-heading4091_8f4abc-42\"] img.kb-inline-image{width:150px;vertical-align:baseline;}<\/style>\n<p class=\"kt-adv-heading4091_8f4abc-42 wp-block-kadence-advancedheading\" data-kb-block=\"kb-adv-heading4091_8f4abc-42\">Wir aktualisieren unsere Website regelm\u00e4\u00dfig mit neuen Ideen, Trends und Inspirationen rund um Haarschnitte.<br>Wenn du in Sachen M\u00e4nnerpflege und Stil immer einen Schritt voraus sein willst, bist du bei Low Taper Fades genau richtig.<\/p>\n\n\n<style>.wp-block-kadence-advancedheading.kt-adv-heading4091_0781ed-10, .wp-block-kadence-advancedheading.kt-adv-heading4091_0781ed-10[data-kb-block=\"kb-adv-heading4091_0781ed-10\"]{text-align:center;font-style:normal;}.wp-block-kadence-advancedheading.kt-adv-heading4091_0781ed-10 mark.kt-highlight, .wp-block-kadence-advancedheading.kt-adv-heading4091_0781ed-10[data-kb-block=\"kb-adv-heading4091_0781ed-10\"] mark.kt-highlight{font-style:normal;color:#f76a0c;-webkit-box-decoration-break:clone;box-decoration-break:clone;padding-top:0px;padding-right:0px;padding-bottom:0px;padding-left:0px;}.wp-block-kadence-advancedheading.kt-adv-heading4091_0781ed-10 img.kb-inline-image, .wp-block-kadence-advancedheading.kt-adv-heading4091_0781ed-10[data-kb-block=\"kb-adv-heading4091_0781ed-10\"] img.kb-inline-image{width:150px;vertical-align:baseline;}<\/style>\n<h3 class=\"kt-adv-heading4091_0781ed-10 wp-block-kadence-advancedheading\" data-kb-block=\"kb-adv-heading4091_0781ed-10\">Vielen Dank, dass du Low Taper Fades gew\u00e4hlt hast!<\/h3>\n","protected":false},"excerpt":{"rendered":"<p>Willkommen bei Low Taper Fades, deinem ultimativen Ziel f\u00fcr moderne, saubere und stilvolle Herrenhaarschnitte.Wir sind eine spezialisierte Plattform f\u00fcr Haarschnitt-Inspirationen, die sich vollst\u00e4ndig auf Low Taper Fade Frisuren konzentriert. Unser Ziel ist einfach: M\u00e4nnern dabei zu helfen, die besten Low Taper Fade Styles zu entdecken, die zu ihrer Pers\u00f6nlichkeit, ihrem Haartyp und ihrem Lebensstil passen.Egal,&#8230;<\/p>\n","protected":false},"author":1,"featured_media":0,"parent":0,"menu_order":0,"comment_status":"closed","ping_status":"closed","template":"","meta":{"_kad_blocks_custom_css":"","_kad_blocks_head_custom_js":"","_kad_blocks_body_custom_js":"","_kad_blocks_footer_custom_js":"","_kad_post_transparent":"","_kad_post_title":"","_kad_post_layout":"","_kad_post_sidebar_id":"","_kad_post_content_style":"","_kad_post_vertical_padding":"","_kad_post_feature":"","_kad_post_feature_position":"","_kad_post_header":false,"_kad_post_footer":false,"_kad_post_classname":"","footnotes":""},"class_list":["post-4091","page","type-page","status-publish","hentry"],"taxonomy_info":[],"featured_image_src_large":false,"author_info":{"display_name":"Davidson","author_link":"https:\/\/lowtaperfades.com\/de\/author\/miraj-din82gmail-com\/"},"comment_info":0,"_hostinger_reach_plugin_has_subscription_block":false,"_hostinger_reach_plugin_is_elementor":false,"_links":{"self":[{"href":"https:\/\/lowtaperfades.com\/de\/wp-json\/wp\/v2\/pages\/4091","targetHints":{"allow":["GET"]}}],"collection":[{"href":"https:\/\/lowtaperfades.com\/de\/wp-json\/wp\/v2\/pages"}],"about":[{"href":"https:\/\/lowtaperfades.com\/de\/wp-json\/wp\/v2\/types\/page"}],"author":[{"embeddable":true,"href":"https:\/\/lowtaperfades.com\/de\/wp-json\/wp\/v2\/users\/1"}],"replies":[{"embeddable":true,"href":"https:\/\/lowtaperfades.com\/de\/wp-json\/wp\/v2\/comments?post=4091"}],"version-history":[{"count":0,"href":"https:\/\/lowtaperfades.com\/de\/wp-json\/wp\/v2\/pages\/4091\/revisions"}],"wp:attachment":[{"href":"https:\/\/lowtaperfades.com\/de\/wp-json\/wp\/v2\/media?parent=4091"}],"curies":[{"name":"wp","href":"https:\/\/api.w.org\/{rel}","templated":true}]}}